{"id":1511,"date":"2023-05-12T11:41:30","date_gmt":"2023-05-12T09:41:30","guid":{"rendered":"https:\/\/www.luxilux.lu\/tourismus\/"},"modified":"2024-03-29T16:01:41","modified_gmt":"2024-03-29T15:01:41","slug":"tourismus","status":"publish","type":"page","link":"https:\/\/www.luxilux.lu\/de\/tourismus\/","title":{"rendered":"Tourismus"},"content":{"rendered":"\n\n\t<section class=\"section has-parallax\" id=\"section_20630482\">\n\t\t<div class=\"section-bg fill\" data-parallax-container=\".section\" data-parallax-background data-parallax=\"-3\">\n\t\t\t<img loading=\"lazy\" decoding=\"async\" width=\"1456\" height=\"816\" src=\"https:\/\/www.luxilux.lu\/wp-content\/uploads\/2023\/05\/tourisme_famille.webp\" class=\"bg attachment-original size-original\" alt=\"\" \/>\t\t\t\t\t\t<div class=\"section-bg-overlay absolute fill\"><\/div>\n\t\t\t\n\n\t\t<\/div>\n\n\t\t\n\n\t\t<div class=\"section-content relative\">\n\t\t\t\n\n<div class=\"row row-full-width align-center\"  id=\"row-1272911400\">\n\n\n\t<div id=\"col-151686424\" class=\"col medium-7 small-12 large-7\"  >\n\t\t\t\t<div class=\"col-inner text-center\"  >\n\t\t\t\n\t\t\t\n\n\t<div id=\"text-2809005305\" class=\"text txtheader\">\n\t\t\n\n<h1 style=\"margin:0;padding:0px;\">STEIGERN<br>\n<span style=\"font-size: 3.5rem; color: #ffffff;marging:0px;padding:0px;\"> Sie die Attraktivit\u00e4t Ihrer Region<\/span><br>\n<\/h1>\n\t\t\n<style>\n#text-2809005305 {\n  font-size: 2.4rem;\n  line-height: 1.65;\n  color: rgb(129, 182, 232);\n}\n#text-2809005305 > * {\n  color: rgb(129, 182, 232);\n}\n@media (min-width:550px) {\n  #text-2809005305 {\n    font-size: 3.25rem;\n  }\n}\n<\/style>\n\t<\/div>\n\t\n\t<div id=\"text-2049586677\" class=\"text txt-justified\">\n\t\t\n\n<p>Bieten Sie mit Luxilux unvergessliche Erlebnisse an!<\/p>\n\t\t\n<style>\n#text-2049586677 {\n  font-size: 0.8rem;\n  line-height: 1.5;\n  text-align: center;\n  color: rgb(255,255,255);\n}\n#text-2049586677 > * {\n  color: rgb(255,255,255);\n}\n@media (min-width:550px) {\n  #text-2049586677 {\n    font-size: 1.25rem;\n  }\n}\n<\/style>\n\t<\/div>\n\t\n<a href=\"#keys\" class=\"button primary\" style=\"border-radius:13px;\">\n\t\t<span>Mehr dazu<\/span>\n\t<\/a>\n\n\n\n\t\t<\/div>\n\t\t\t\t\t<\/div>\n\n\t\n\n<\/div>\n\n\t\t<\/div>\n\n\t\t\n<style>\n#section_20630482 {\n  padding-top: 30px;\n  padding-bottom: 30px;\n  background-color: rgb(255, 255, 255);\n}\n#section_20630482 .section-bg-overlay {\n  background-color: rgba(0, 0, 0, 0.116);\n}\n#section_20630482 .section-bg img {\n  object-position: 52% 31%;\n}\n<\/style>\n\t<\/section>\n\t\n\n\t<section class=\"section\" id=\"section_1925960643\">\n\t\t<div class=\"section-bg fill\" >\n\t\t\t\t\t\t\t\t\t\n\t\t\t\n\n\t\t<\/div>\n\n\t\t\n\n\t\t<div class=\"section-content relative\">\n\t\t\t\n\n<div class=\"row align-center\"  id=\"row-992200818\">\n\n\n\t<div id=\"col-2102645179\" class=\"col medium-7 small-12 large-7\"  >\n\t\t\t\t<div class=\"col-inner text-left\"  >\n\t\t\t\n\t\t\t\n\n\t<div id=\"text-3951722080\" class=\"text\">\n\t\t\n\n<h2>EINZIGARTIGE SCHATZSUCHEN<br>\n<\/h2>\n\t\t\n<style>\n#text-3951722080 {\n  font-size: 2rem;\n  text-align: center;\n  color: rgb(129, 182, 232);\n}\n#text-3951722080 > * {\n  color: rgb(129, 182, 232);\n}\n@media (min-width:550px) {\n  #text-3951722080 {\n    font-size: 1.3rem;\n  }\n}\n<\/style>\n\t<\/div>\n\t\n\n\t\t<\/div>\n\t\t\t\t\n<style>\n#col-2102645179 > .col-inner {\n  padding: 0px 0px 0px 0px;\n  margin: 0px 0px 0px 0px;\n}\n<\/style>\n\t<\/div>\n\n\t\n\n<\/div>\n<div class=\"row align-center\"  id=\"row-1131785211\">\n\n\n\t<div id=\"col-2144472227\" class=\"col medium-7 small-12 large-7\"  >\n\t\t\t\t<div class=\"col-inner text-center\"  >\n\t\t\t\n\t\t\t\n\n\t<div id=\"text-966992661\" class=\"text txtjustify\">\n\t\t\n\n<p>Lassen Sie Ihre Region dank Luxilux auf <b>unterhaltsame und interaktive Weise<\/b> entdecken!<\/p>\n<p>Sind Sie in der Tourismusbranche t\u00e4tig und auf der Suche nach einem innovativen Ansatz, um Ihre Region zu bewerben?<\/p>\n<p>Egal, ob Sie eine Tourismusattraktion, eine Gemeinde, ein Tourismusverband oder ein Reiseveranstalter sind, nutzen Sie unsere interaktiven Schatzsuchen, um Ihr Gebiet auf eine neue Art und Weise erstrahlen zu lassen.<\/p>\n<p>Luxilux kombiniert die Erkundung des kulturellen Erbes mit Technologie und Spiel, mit dem Ziel versteckte Luxemburger Sch\u00e4tze ans Licht zu bringen und den Tourismus anzukurbeln, national als och international. <\/p>\n<p>Optimieren Sie Ihre Sichtbarkeit und ziehen Sie ein vielf\u00e4ltiges Publikum an, indem Sie ein einzigartiges und unvergessliches Erlebnis schaffen.<\/p>\n\t\t\n<style>\n#text-966992661 {\n  font-size: 1.1rem;\n  line-height: 1.5;\n  text-align: left;\n}\n<\/style>\n\t<\/div>\n\t\n<a href=\"#contact\" class=\"button primary is-larger expand\" style=\"border-radius:15px;padding:10px 0px 10px 0px;\">\n\t\t<span>Kontaktieren Sie uns<\/span>\n\t<\/a>\n\n\n\n\t\t<\/div>\n\t\t\t\t\t<\/div>\n\n\t\n\n<\/div>\n\n\t\t<\/div>\n\n\t\t\n<style>\n#section_1925960643 {\n  padding-top: 30px;\n  padding-bottom: 30px;\n  background-color: rgb(236, 236, 236);\n}\n<\/style>\n\t<\/section>\n\t\n<span class=\"scroll-to\" data-label=\"Scroll to: #keys\" data-bullet=\"false\" data-link=\"#keys\" data-title=\"keys\"><a name=\"keys\"><\/a><\/span>\n\n\n\t<section class=\"section\" id=\"section_52392818\">\n\t\t<div class=\"section-bg fill\" >\n\t\t\t\t\t\t\t\t\t\n\t\t\t\n\n\t\t<\/div>\n\n\t\t\n\n\t\t<div class=\"section-content relative\">\n\t\t\t\n\n<div class=\"row align-center\"  id=\"row-204951162\">\n\n\n\t<div id=\"col-1663642822\" class=\"col small-12 large-12\"  >\n\t\t\t\t<div class=\"col-inner\"  >\n\t\t\t\n\t\t\t\n\n\t<div id=\"text-2465989476\" class=\"text\">\n\t\t\n\n<h1>Luxilux in 6 Punkten<\/h1>\n\t\t\n<style>\n#text-2465989476 {\n  font-size: 2rem;\n  text-align: center;\n}\n<\/style>\n\t<\/div>\n\t\n<p>Warum sollen Sie sich f\u00fcr Luxilux entscheiden?<\/p>\n<p>Sechs \u00fcberzeugende Gr\u00fcnde, die Sie von der Attraktivit\u00e4t und Wirksamkeit unserer App \u00fcberzeugen werden.<\/p>\n<p> Lassen Sie uns gemeinsam unsere Gebiete wieder zum Leben erwecken und Besuchern und Einheimischen unvergessliche Momente bescheren.<\/p>\n\n\t\t<\/div>\n\t\t\t\t\t<\/div>\n\n\t\n\n\t<div id=\"col-1424331035\" class=\"col medium-4 small-12 large-4\"  >\n\t\t\t\t<div class=\"col-inner\"  >\n\t\t\t\n\t\t\t\n\n\t<div id=\"text-2235797137\" class=\"text\">\n\t\t\n\n<h4 class=\"uppercase\">1) Die Aufwertung des lokalen Kulturerbes<br>\n<\/h4>\n\t\t\n<style>\n#text-2235797137 {\n  font-size: 0.85rem;\n}\n<\/style>\n\t<\/div>\n\t\n\t<div class=\"img has-hover x md-x lg-x y md-y lg-y\" id=\"image_7125396\">\n\t\t\t\t\t\t\t\t<div class=\"img-inner dark\" >\n\t\t\t<img loading=\"lazy\" decoding=\"async\" width=\"600\" height=\"350\" src=\"https:\/\/www.luxilux.lu\/wp-content\/uploads\/2023\/05\/tourisme_1.webp\" class=\"attachment-large size-large\" alt=\"\" srcset=\"https:\/\/www.luxilux.lu\/wp-content\/uploads\/2023\/05\/tourisme_1.webp 600w, https:\/\/www.luxilux.lu\/wp-content\/uploads\/2023\/05\/tourisme_1-300x175.webp 300w\" sizes=\"auto, (max-width: 600px) 100vw, 600px\" \/>\t\t\t\t\t\t\n\t\t\t\t\t<\/div>\n\t\t\t\t\t\t\t\t\n<style>\n#image_7125396 {\n  width: 100%;\n}\n<\/style>\n\t<\/div>\n\t\n\n\t<div id=\"text-1374473163\" class=\"text txtjustify\">\n\t\t\n\n<p>Unsere Schatzsuchen erm\u00f6glichen, den historischen, kulturellen und nat\u00fcrlichen Reichtum der Region hervorzuheben, und ermutigen die Teilnehmer, sowohl ber\u00fchmte als auch weniger bekannte Orte zu erkunden.<\/p>\n\t\t\t<\/div>\n\t\n\n\t\t<\/div>\n\t\t\t\t\t<\/div>\n\n\t\n\n\t<div id=\"col-593355792\" class=\"col medium-4 small-12 large-4\"  >\n\t\t\t\t<div class=\"col-inner\"  >\n\t\t\t\n\t\t\t\n\n\t<div id=\"text-3211163630\" class=\"text\">\n\t\t\n\n<h4 class=\"uppercase\">2) Touristische Attraktivit\u00e4t<br>\n<\/h4>\n\t\t\n<style>\n#text-3211163630 {\n  font-size: 0.85rem;\n}\n<\/style>\n\t<\/div>\n\t\n\t<div class=\"img has-hover x md-x lg-x y md-y lg-y\" id=\"image_1929598502\">\n\t\t\t\t\t\t\t\t<div class=\"img-inner dark\" >\n\t\t\t<img loading=\"lazy\" decoding=\"async\" width=\"600\" height=\"350\" src=\"https:\/\/www.luxilux.lu\/wp-content\/uploads\/2023\/05\/tourisme_2.webp\" class=\"attachment-large size-large\" alt=\"\" srcset=\"https:\/\/www.luxilux.lu\/wp-content\/uploads\/2023\/05\/tourisme_2.webp 600w, https:\/\/www.luxilux.lu\/wp-content\/uploads\/2023\/05\/tourisme_2-300x175.webp 300w\" sizes=\"auto, (max-width: 600px) 100vw, 600px\" \/>\t\t\t\t\t\t\n\t\t\t\t\t<\/div>\n\t\t\t\t\t\t\t\t\n<style>\n#image_1929598502 {\n  width: 100%;\n}\n<\/style>\n\t<\/div>\n\t\n\n\t<div id=\"text-2259459319\" class=\"text txtjustify\">\n\t\t\n\n<p>Mit einem unterhaltsamen und lehrreichen Angebot, das ein breites Publikum anspricht, von Familien \u00fcber Freundesgruppen bis hin zu Unternehmen, tr\u00e4gt Luxilux zur Belebung des Tourismus bei.<\/p>\n\t\t\t<\/div>\n\t\n\n\t\t<\/div>\n\t\t\t\t\t<\/div>\n\n\t\n\n\t<div id=\"col-858986777\" class=\"col medium-4 small-12 large-4\"  >\n\t\t\t\t<div class=\"col-inner\"  >\n\t\t\t\n\t\t\t\n\n\t<div id=\"text-654499994\" class=\"text\">\n\t\t\n\n<h4 class=\"uppercase\">3) Die Anpassungsf\u00e4higkeit <\/h4>\n\t\t\n<style>\n#text-654499994 {\n  font-size: 0.85rem;\n}\n<\/style>\n\t<\/div>\n\t\n\t<div class=\"img has-hover x md-x lg-x y md-y lg-y\" id=\"image_867285407\">\n\t\t\t\t\t\t\t\t<div class=\"img-inner dark\" >\n\t\t\t<img loading=\"lazy\" decoding=\"async\" width=\"600\" height=\"350\" src=\"https:\/\/www.luxilux.lu\/wp-content\/uploads\/2023\/05\/tourisme_3.webp\" class=\"attachment-large size-large\" alt=\"\" srcset=\"https:\/\/www.luxilux.lu\/wp-content\/uploads\/2023\/05\/tourisme_3.webp 600w, https:\/\/www.luxilux.lu\/wp-content\/uploads\/2023\/05\/tourisme_3-300x175.webp 300w\" sizes=\"auto, (max-width: 600px) 100vw, 600px\" \/>\t\t\t\t\t\t\n\t\t\t\t\t<\/div>\n\t\t\t\t\t\t\t\t\n<style>\n#image_867285407 {\n  width: 100%;\n}\n<\/style>\n\t<\/div>\n\t\n\n\t<div id=\"text-4085496054\" class=\"text txtjustify\">\n\t\t\n\n<p>Unsere Anwendung bietet ma\u00dfgeschneiderte L\u00f6sungen f\u00fcr die spezifischen Bed\u00fcrfnisse von Beh\u00f6rden und Tourismusb\u00fcros. Wir k\u00f6nnen unsere Schatzsuchen nach Themen, Veranstaltungen oder Zielgruppen personalisieren. <\/p>\n\t\t\t<\/div>\n\t\n\n\t\t<\/div>\n\t\t\t\t\t<\/div>\n\n\t\n\n\t<div id=\"col-1614252329\" class=\"col medium-4 small-12 large-4\"  >\n\t\t\t\t<div class=\"col-inner\"  >\n\t\t\t\n\t\t\t\n\n\t<div id=\"text-187099050\" class=\"text\">\n\t\t\n\n<h4 class=\"uppercase\">4) Unterst\u00fctzung der lokalen Betriebe<br>\n<\/h4>\n\t\t\n<style>\n#text-187099050 {\n  font-size: 0.85rem;\n}\n<\/style>\n\t<\/div>\n\t\n\t<div class=\"img has-hover x md-x lg-x y md-y lg-y\" id=\"image_615315613\">\n\t\t\t\t\t\t\t\t<div class=\"img-inner dark\" >\n\t\t\t<img loading=\"lazy\" decoding=\"async\" width=\"600\" height=\"350\" src=\"https:\/\/www.luxilux.lu\/wp-content\/uploads\/2023\/05\/tourisme_4.webp\" class=\"attachment-large size-large\" alt=\"\" srcset=\"https:\/\/www.luxilux.lu\/wp-content\/uploads\/2023\/05\/tourisme_4.webp 600w, https:\/\/www.luxilux.lu\/wp-content\/uploads\/2023\/05\/tourisme_4-300x175.webp 300w\" sizes=\"auto, (max-width: 600px) 100vw, 600px\" \/>\t\t\t\t\t\t\n\t\t\t\t\t<\/div>\n\t\t\t\t\t\t\t\t\n<style>\n#image_615315613 {\n  width: 100%;\n}\n<\/style>\n\t<\/div>\n\t\n\n\t<div id=\"text-943367908\" class=\"text txtjustify\">\n\t\t\n\n<p>Durch die Zusammenarbeit mit lokalen Partnern, die den Teilnehmern Rabatte und Geschenke anbieten k\u00f6nnen, f\u00f6rdern unsere Schatzsuchen den lokalen Konsum und unterst\u00fctzen die lokalen Betriebe. <\/p>\n\t\t\t<\/div>\n\t\n\n\t\t<\/div>\n\t\t\t\t\t<\/div>\n\n\t\n\n\t<div id=\"col-495575011\" class=\"col medium-4 small-12 large-4\"  >\n\t\t\t\t<div class=\"col-inner\"  >\n\t\t\t\n\t\t\t\n\n\t<div id=\"text-3151193332\" class=\"text\">\n\t\t\n\n<h4 class=\"uppercase\">5) Innovative Technologie<br>\n<\/h4>\n\t\t\n<style>\n#text-3151193332 {\n  font-size: 0.85rem;\n}\n<\/style>\n\t<\/div>\n\t\n\t<div class=\"img has-hover x md-x lg-x y md-y lg-y\" id=\"image_446582212\">\n\t\t\t\t\t\t\t\t<div class=\"img-inner dark\" >\n\t\t\t<img loading=\"lazy\" decoding=\"async\" width=\"600\" height=\"350\" src=\"https:\/\/www.luxilux.lu\/wp-content\/uploads\/2023\/05\/tourisme_5.webp\" class=\"attachment-large size-large\" alt=\"\" srcset=\"https:\/\/www.luxilux.lu\/wp-content\/uploads\/2023\/05\/tourisme_5.webp 600w, https:\/\/www.luxilux.lu\/wp-content\/uploads\/2023\/05\/tourisme_5-300x175.webp 300w\" sizes=\"auto, (max-width: 600px) 100vw, 600px\" \/>\t\t\t\t\t\t\n\t\t\t\t\t<\/div>\n\t\t\t\t\t\t\t\t\n<style>\n#image_446582212 {\n  width: 100%;\n}\n<\/style>\n\t<\/div>\n\t\n\n\t<div id=\"text-1993443469\" class=\"text txtjustify\">\n\t\t\n\n<p>Durch die Zusammenarbeit von Technologien wie Geolokalisierung und Erweiterte Realit\u00e4t geht Luxilux mit dem Trend der Zeit. <\/p>\n\t\t\t<\/div>\n\t\n\n\t\t<\/div>\n\t\t\t\t\t<\/div>\n\n\t\n\n\t<div id=\"col-530252935\" class=\"col medium-4 small-12 large-4\"  >\n\t\t\t\t<div class=\"col-inner\"  >\n\t\t\t\n\t\t\t\n\n\t<div id=\"text-3274658815\" class=\"text\">\n\t\t\n\n<h4 class=\"uppercase\">6) Langfristige F\u00f6rderung<br>\n<\/h4>\n\t\t\n<style>\n#text-3274658815 {\n  font-size: 0.85rem;\n}\n<\/style>\n\t<\/div>\n\t\n\t<div class=\"img has-hover x md-x lg-x y md-y lg-y\" id=\"image_1590799920\">\n\t\t\t\t\t\t\t\t<div class=\"img-inner dark\" >\n\t\t\t<img loading=\"lazy\" decoding=\"async\" width=\"600\" height=\"350\" src=\"https:\/\/www.luxilux.lu\/wp-content\/uploads\/2023\/05\/tourisme_6.webp\" class=\"attachment-large size-large\" alt=\"\" srcset=\"https:\/\/www.luxilux.lu\/wp-content\/uploads\/2023\/05\/tourisme_6.webp 600w, https:\/\/www.luxilux.lu\/wp-content\/uploads\/2023\/05\/tourisme_6-300x175.webp 300w\" sizes=\"auto, (max-width: 600px) 100vw, 600px\" \/>\t\t\t\t\t\t\n\t\t\t\t\t<\/div>\n\t\t\t\t\t\t\t\t\n<style>\n#image_1590799920 {\n  width: 100%;\n}\n<\/style>\n\t<\/div>\n\t\n\n\t<div id=\"text-3683916388\" class=\"text txtjustify\">\n\t\t\n\n<p>Dank des digitalen Aspekts unserer Schatzsuchen verf\u00fcgen unsere Auftraggeber \u00fcber ein nachhaltiges und entwicklungsf\u00e4higes Instrument, das leicht zu aktualisieren und an zuk\u00fcnftige Bed\u00fcrfnisse anzupassen ist.<\/p>\n\t\t\t<\/div>\n\t\n\n\t\t<\/div>\n\t\t\t\t\t<\/div>\n\n\t\n\n<\/div>\n<div class=\"row\"  id=\"row-153026450\">\n\n\n\t<div id=\"col-624456720\" class=\"col small-12 large-12\"  >\n\t\t\t\t<div class=\"col-inner\"  >\n\t\t\t\n\t\t\t\n\n<span class=\"scroll-to\" data-label=\"Scroll to: #contact\" data-bullet=\"false\" data-link=\"#contact\" data-title=\"contact\"><a name=\"contact\"><\/a><\/span>\n\n<style id=\"wpforms-css-vars-491\">\n\t\t\t\t#wpforms-491 {\n\t\t\t\t\n\t\t\t}\n\t\t\t<\/style><div class=\"wpforms-container wpforms-container-full wpforms-render-modern\" id=\"wpforms-491\"><form id=\"wpforms-form-491\" class=\"wpforms-validate wpforms-form wpforms-ajax-form\" data-formid=\"491\" method=\"post\" enctype=\"multipart\/form-data\" action=\"\/de\/wp-json\/wp\/v2\/pages\/1511\" data-token=\"fae6cf7679bf1573a54d52d7e62a11e6\" data-token-time=\"1776155603\"><noscript class=\"wpforms-error-noscript\">Bitte aktiviere JavaScript in deinem Browser, um dieses Formular fertigzustellen.<\/noscript><div id=\"wpforms-error-noscript\" style=\"display: none;\">Bitte aktiviere JavaScript in deinem Browser, um dieses Formular fertigzustellen.<\/div><div class=\"wpforms-field-container\"><div id=\"wpforms-491-field_3-container\" class=\"wpforms-field wpforms-field-layout\" data-field-id=\"3\"><div class=\"wpforms-field-layout-columns wpforms-field-layout-preset-50-50\"><div class=\"wpforms-layout-column wpforms-layout-column-50\" ><div id=\"wpforms-491-field_0-container\" class=\"wpforms-field wpforms-field-name\" data-field-id=\"0\"><label class=\"wpforms-field-label\" for=\"wpforms-491-field_0\">Name <span class=\"wpforms-required-label\" aria-hidden=\"true\">*<\/span><\/label><input type=\"text\" id=\"wpforms-491-field_0\" class=\"wpforms-field-small wpforms-field-required\" name=\"wpforms[fields][0]\" aria-errormessage=\"wpforms-491-field_0-error\" required><\/div><div id=\"wpforms-491-field_4-container\" class=\"wpforms-field wpforms-field-text\" data-field-id=\"4\"><label class=\"wpforms-field-label\" for=\"wpforms-491-field_4\">Betrieb<\/label><input type=\"text\" id=\"wpforms-491-field_4\" class=\"wpforms-field-medium\" name=\"wpforms[fields][4]\" aria-errormessage=\"wpforms-491-field_4-error\" ><\/div><\/div><div class=\"wpforms-layout-column wpforms-layout-column-50\" ><div id=\"wpforms-491-field_1-container\" class=\"wpforms-field wpforms-field-email wpforms-one-half\" data-field-id=\"1\"><label class=\"wpforms-field-label\" for=\"wpforms-491-field_1\">E-Mail <span class=\"wpforms-required-label\" aria-hidden=\"true\">*<\/span><\/label><input type=\"email\" id=\"wpforms-491-field_1\" class=\"wpforms-field-small wpforms-field-required\" name=\"wpforms[fields][1]\" spellcheck=\"false\" aria-errormessage=\"wpforms-491-field_1-error\" required><\/div><div id=\"wpforms-491-field_5-container\" class=\"wpforms-field wpforms-field-phone\" data-field-id=\"5\"><label class=\"wpforms-field-label\" for=\"wpforms-491-field_5\">Telefon<\/label><input type=\"tel\" id=\"wpforms-491-field_5\" class=\"wpforms-field-medium wpforms-smart-phone-field\" data-rule-smart-phone-field=\"true\" name=\"wpforms[fields][5]\" aria-label=\"Telefon\" aria-errormessage=\"wpforms-491-field_5-error\" ><\/div><\/div><\/div><\/div><div id=\"wpforms-491-field_2-container\" class=\"wpforms-field wpforms-field-textarea\" data-field-id=\"2\"><label class=\"wpforms-field-label\" for=\"wpforms-491-field_2\">Nachricht<\/label><textarea id=\"wpforms-491-field_2\" class=\"wpforms-field-medium\" name=\"wpforms[fields][2]\" aria-errormessage=\"wpforms-491-field_2-error\" ><\/textarea><\/div><\/div><!-- .wpforms-field-container --><div class=\"wpforms-submit-container\" ><input type=\"hidden\" name=\"wpforms[id]\" value=\"491\"><input type=\"hidden\" name=\"page_title\" value=\"\"><input type=\"hidden\" name=\"page_url\" value=\"https:\/\/www.luxilux.lu\/de\/wp-json\/wp\/v2\/pages\/1511\"><input type=\"hidden\" name=\"url_referer\" value=\"\"><button type=\"submit\" name=\"wpforms[submit]\" id=\"wpforms-submit-491\" class=\"wpforms-submit\" data-alt-text=\"Senden...\" data-submit-text=\"Abschicken\" aria-live=\"assertive\" value=\"wpforms-submit\">Abschicken<\/button><img loading=\"lazy\" decoding=\"async\" src=\"https:\/\/www.luxilux.lu\/wp-content\/plugins\/wpforms\/assets\/images\/submit-spin.svg\" class=\"wpforms-submit-spinner\" style=\"display: none;\" width=\"26\" height=\"26\" alt=\"Wird geladen\"><\/div><\/form><\/div>  <!-- .wpforms-container -->\n\n\t\t<\/div>\n\t\t\t\t\t<\/div>\n\n\t\n\n<\/div>\n\n\t\t<\/div>\n\n\t\t\n<style>\n#section_52392818 {\n  padding-top: 0px;\n  padding-bottom: 0px;\n}\n<\/style>\n\t<\/section>\n\t\n\n","protected":false},"excerpt":{"rendered":"","protected":false},"author":2,"featured_media":0,"parent":0,"menu_order":0,"comment_status":"closed","ping_status":"closed","template":"page-blank.php","meta":{"_acf_changed":false,"footnotes":""},"class_list":["post-1511","page","type-page","status-publish","hentry"],"acf":[],"yoast_head":"<!-- This site is optimized with the Yoast SEO plugin v27.0 - https:\/\/yoast.com\/product\/yoast-seo-wordpress\/ -->\n<title>Luxilux - F\u00f6rdern Sie die touristische Attraktivit\u00e4t Ihrer Stadt.<\/title>\n<meta name=\"description\" content=\"Machen Sie Ihre Stadt mit Luxilux f\u00fcr Ihre Touristen attraktiver. Unsere interaktiven Schnitzeljagden f\u00f6rdern das lokale Kulturerbe auf unterhaltsame und lehrreiche Weise.\" \/>\n<meta name=\"robots\" content=\"index, follow, max-snippet:-1, max-image-preview:large, max-video-preview:-1\" \/>\n<link rel=\"canonical\" href=\"https:\/\/www.luxilux.lu\/de\/tourismus\/\" \/>\n<meta property=\"og:locale\" content=\"de_DE\" \/>\n<meta property=\"og:type\" content=\"article\" \/>\n<meta property=\"og:title\" content=\"Luxilux - F\u00f6rdern Sie die touristische Attraktivit\u00e4t Ihrer Stadt.\" \/>\n<meta property=\"og:description\" content=\"Machen Sie Ihre Stadt mit Luxilux f\u00fcr Ihre Touristen attraktiver. Unsere interaktiven Schnitzeljagden f\u00f6rdern das lokale Kulturerbe auf unterhaltsame und lehrreiche Weise.\" \/>\n<meta property=\"og:url\" content=\"https:\/\/www.luxilux.lu\/de\/tourismus\/\" \/>\n<meta property=\"og:site_name\" content=\"Luxilux\" \/>\n<meta property=\"article:publisher\" content=\"https:\/\/www.facebook.com\/luxilux.lu\/\" \/>\n<meta property=\"article:modified_time\" content=\"2024-03-29T15:01:41+00:00\" \/>\n<meta name=\"twitter:card\" content=\"summary_large_image\" \/>\n<meta name=\"twitter:label1\" content=\"Gesch\u00e4tzte Lesezeit\" \/>\n\t<meta name=\"twitter:data1\" content=\"3\u00a0Minuten\" \/>\n<script type=\"application\/ld+json\" class=\"yoast-schema-graph\">{\"@context\":\"https:\/\/schema.org\",\"@graph\":[{\"@type\":\"WebPage\",\"@id\":\"https:\/\/www.luxilux.lu\/de\/tourismus\/\",\"url\":\"https:\/\/www.luxilux.lu\/de\/tourismus\/\",\"name\":\"Luxilux - F\u00f6rdern Sie die touristische Attraktivit\u00e4t Ihrer Stadt.\",\"isPartOf\":{\"@id\":\"https:\/\/www.luxilux.lu\/de\/#website\"},\"datePublished\":\"2023-05-12T09:41:30+00:00\",\"dateModified\":\"2024-03-29T15:01:41+00:00\",\"description\":\"Machen Sie Ihre Stadt mit Luxilux f\u00fcr Ihre Touristen attraktiver. Unsere interaktiven Schnitzeljagden f\u00f6rdern das lokale Kulturerbe auf unterhaltsame und lehrreiche Weise.\",\"breadcrumb\":{\"@id\":\"https:\/\/www.luxilux.lu\/de\/tourismus\/#breadcrumb\"},\"inLanguage\":\"de\",\"potentialAction\":[{\"@type\":\"ReadAction\",\"target\":[\"https:\/\/www.luxilux.lu\/de\/tourismus\/\"]}]},{\"@type\":\"BreadcrumbList\",\"@id\":\"https:\/\/www.luxilux.lu\/de\/tourismus\/#breadcrumb\",\"itemListElement\":[{\"@type\":\"ListItem\",\"position\":1,\"name\":\"Home\",\"item\":\"https:\/\/www.luxilux.lu\/de\/\"},{\"@type\":\"ListItem\",\"position\":2,\"name\":\"Tourismus\"}]},{\"@type\":\"WebSite\",\"@id\":\"https:\/\/www.luxilux.lu\/de\/#website\",\"url\":\"https:\/\/www.luxilux.lu\/de\/\",\"name\":\"Luxilux\",\"description\":\"Discover the unexpected Luxembourg\",\"publisher\":{\"@id\":\"https:\/\/www.luxilux.lu\/de\/#organization\"},\"potentialAction\":[{\"@type\":\"SearchAction\",\"target\":{\"@type\":\"EntryPoint\",\"urlTemplate\":\"https:\/\/www.luxilux.lu\/de\/?s={search_term_string}\"},\"query-input\":{\"@type\":\"PropertyValueSpecification\",\"valueRequired\":true,\"valueName\":\"search_term_string\"}}],\"inLanguage\":\"de\"},{\"@type\":\"Organization\",\"@id\":\"https:\/\/www.luxilux.lu\/de\/#organization\",\"name\":\"Luxilux\",\"url\":\"https:\/\/www.luxilux.lu\/de\/\",\"logo\":{\"@type\":\"ImageObject\",\"inLanguage\":\"de\",\"@id\":\"https:\/\/www.luxilux.lu\/de\/#\/schema\/logo\/image\/\",\"url\":\"https:\/\/www.luxilux.lu\/wp-content\/uploads\/2023\/05\/luxilux-logo-sd.png\",\"contentUrl\":\"https:\/\/www.luxilux.lu\/wp-content\/uploads\/2023\/05\/luxilux-logo-sd.png\",\"width\":1024,\"height\":470,\"caption\":\"Luxilux\"},\"image\":{\"@id\":\"https:\/\/www.luxilux.lu\/de\/#\/schema\/logo\/image\/\"},\"sameAs\":[\"https:\/\/www.facebook.com\/luxilux.lu\/\",\"https:\/\/www.instagram.com\/luxilux.lu\/\"]}]}<\/script>\n<!-- \/ Yoast SEO plugin. -->","yoast_head_json":{"title":"Luxilux - F\u00f6rdern Sie die touristische Attraktivit\u00e4t Ihrer Stadt.","description":"Machen Sie Ihre Stadt mit Luxilux f\u00fcr Ihre Touristen attraktiver. Unsere interaktiven Schnitzeljagden f\u00f6rdern das lokale Kulturerbe auf unterhaltsame und lehrreiche Weise.","robots":{"index":"index","follow":"follow","max-snippet":"max-snippet:-1","max-image-preview":"max-image-preview:large","max-video-preview":"max-video-preview:-1"},"canonical":"https:\/\/www.luxilux.lu\/de\/tourismus\/","og_locale":"de_DE","og_type":"article","og_title":"Luxilux - F\u00f6rdern Sie die touristische Attraktivit\u00e4t Ihrer Stadt.","og_description":"Machen Sie Ihre Stadt mit Luxilux f\u00fcr Ihre Touristen attraktiver. Unsere interaktiven Schnitzeljagden f\u00f6rdern das lokale Kulturerbe auf unterhaltsame und lehrreiche Weise.","og_url":"https:\/\/www.luxilux.lu\/de\/tourismus\/","og_site_name":"Luxilux","article_publisher":"https:\/\/www.facebook.com\/luxilux.lu\/","article_modified_time":"2024-03-29T15:01:41+00:00","twitter_card":"summary_large_image","twitter_misc":{"Gesch\u00e4tzte Lesezeit":"3\u00a0Minuten"},"schema":{"@context":"https:\/\/schema.org","@graph":[{"@type":"WebPage","@id":"https:\/\/www.luxilux.lu\/de\/tourismus\/","url":"https:\/\/www.luxilux.lu\/de\/tourismus\/","name":"Luxilux - F\u00f6rdern Sie die touristische Attraktivit\u00e4t Ihrer Stadt.","isPartOf":{"@id":"https:\/\/www.luxilux.lu\/de\/#website"},"datePublished":"2023-05-12T09:41:30+00:00","dateModified":"2024-03-29T15:01:41+00:00","description":"Machen Sie Ihre Stadt mit Luxilux f\u00fcr Ihre Touristen attraktiver. Unsere interaktiven Schnitzeljagden f\u00f6rdern das lokale Kulturerbe auf unterhaltsame und lehrreiche Weise.","breadcrumb":{"@id":"https:\/\/www.luxilux.lu\/de\/tourismus\/#breadcrumb"},"inLanguage":"de","potentialAction":[{"@type":"ReadAction","target":["https:\/\/www.luxilux.lu\/de\/tourismus\/"]}]},{"@type":"BreadcrumbList","@id":"https:\/\/www.luxilux.lu\/de\/tourismus\/#breadcrumb","itemListElement":[{"@type":"ListItem","position":1,"name":"Home","item":"https:\/\/www.luxilux.lu\/de\/"},{"@type":"ListItem","position":2,"name":"Tourismus"}]},{"@type":"WebSite","@id":"https:\/\/www.luxilux.lu\/de\/#website","url":"https:\/\/www.luxilux.lu\/de\/","name":"Luxilux","description":"Discover the unexpected Luxembourg","publisher":{"@id":"https:\/\/www.luxilux.lu\/de\/#organization"},"potentialAction":[{"@type":"SearchAction","target":{"@type":"EntryPoint","urlTemplate":"https:\/\/www.luxilux.lu\/de\/?s={search_term_string}"},"query-input":{"@type":"PropertyValueSpecification","valueRequired":true,"valueName":"search_term_string"}}],"inLanguage":"de"},{"@type":"Organization","@id":"https:\/\/www.luxilux.lu\/de\/#organization","name":"Luxilux","url":"https:\/\/www.luxilux.lu\/de\/","logo":{"@type":"ImageObject","inLanguage":"de","@id":"https:\/\/www.luxilux.lu\/de\/#\/schema\/logo\/image\/","url":"https:\/\/www.luxilux.lu\/wp-content\/uploads\/2023\/05\/luxilux-logo-sd.png","contentUrl":"https:\/\/www.luxilux.lu\/wp-content\/uploads\/2023\/05\/luxilux-logo-sd.png","width":1024,"height":470,"caption":"Luxilux"},"image":{"@id":"https:\/\/www.luxilux.lu\/de\/#\/schema\/logo\/image\/"},"sameAs":["https:\/\/www.facebook.com\/luxilux.lu\/","https:\/\/www.instagram.com\/luxilux.lu\/"]}]}},"_links":{"self":[{"href":"https:\/\/www.luxilux.lu\/de\/wp-json\/wp\/v2\/pages\/1511","targetHints":{"allow":["GET"]}}],"collection":[{"href":"https:\/\/www.luxilux.lu\/de\/wp-json\/wp\/v2\/pages"}],"about":[{"href":"https:\/\/www.luxilux.lu\/de\/wp-json\/wp\/v2\/types\/page"}],"author":[{"embeddable":true,"href":"https:\/\/www.luxilux.lu\/de\/wp-json\/wp\/v2\/users\/2"}],"replies":[{"embeddable":true,"href":"https:\/\/www.luxilux.lu\/de\/wp-json\/wp\/v2\/comments?post=1511"}],"version-history":[{"count":3,"href":"https:\/\/www.luxilux.lu\/de\/wp-json\/wp\/v2\/pages\/1511\/revisions"}],"predecessor-version":[{"id":1546,"href":"https:\/\/www.luxilux.lu\/de\/wp-json\/wp\/v2\/pages\/1511\/revisions\/1546"}],"wp:attachment":[{"href":"https:\/\/www.luxilux.lu\/de\/wp-json\/wp\/v2\/media?parent=1511"}],"curies":[{"name":"wp","href":"https:\/\/api.w.org\/{rel}","templated":true}]}}