{"id":1513,"date":"2023-05-12T14:28:55","date_gmt":"2023-05-12T12:28:55","guid":{"rendered":"https:\/\/www.luxilux.lu\/betriebe\/"},"modified":"2024-03-29T14:59:58","modified_gmt":"2024-03-29T13:59:58","slug":"betriebe","status":"publish","type":"page","link":"https:\/\/www.luxilux.lu\/de\/betriebe\/","title":{"rendered":"Betriebe"},"content":{"rendered":"\n\n\t<section class=\"section has-parallax\" id=\"section_1113313118\">\n\t\t<div class=\"section-bg fill\" data-parallax-container=\".section\" data-parallax-background data-parallax=\"-3\">\n\t\t\t<img loading=\"lazy\" decoding=\"async\" width=\"1456\" height=\"816\" src=\"https:\/\/www.luxilux.lu\/wp-content\/uploads\/2023\/05\/entreprise.webp\" class=\"bg attachment-original size-original\" alt=\"\" \/>\t\t\t\t\t\t<div class=\"section-bg-overlay absolute fill\"><\/div>\n\t\t\t\n\n\t\t<\/div>\n\n\t\t\n\n\t\t<div class=\"section-content relative\">\n\t\t\t\n\n<div class=\"row row-full-width align-center\"  id=\"row-2125737268\">\n\n\n\t<div id=\"col-641998658\" class=\"col medium-7 small-12 large-7\"  >\n\t\t\t\t<div class=\"col-inner text-center\"  >\n\t\t\t\n\t\t\t\n\n\t<div id=\"text-1227383280\" class=\"text txtheader\">\n\t\t\n\n<h1 class=\"uppercase\" style=\"margin:0;padding:0px;\">WAGEN<\/h1>\n\t\t\n<style>\n#text-1227383280 {\n  font-size: 4rem;\n  color: #81b6e8;\n}\n#text-1227383280 > * {\n  color: #81b6e8;\n}\n<\/style>\n\t<\/div>\n\t\n\t<div id=\"text-1622427192\" class=\"text txtheader\">\n\t\t\n\n<p style=\"margin:0px;padding:0px;\">SIE DIE ORIGINALIT\u00c4T!<\/p>\n\t\t\n<style>\n#text-1622427192 {\n  font-size: 0.8rem;\n  line-height: 1.5;\n  text-align: center;\n  color: rgb(255,255,255);\n}\n#text-1622427192 > * {\n  color: rgb(255,255,255);\n}\n@media (min-width:550px) {\n  #text-1622427192 {\n    font-size: 3.55rem;\n  }\n}\n<\/style>\n\t<\/div>\n\t\n<a href=\"#how\" class=\"button primary\" style=\"border-radius:17px;padding:10px 10px 10px 10px;\">\n\t\t<span>So funktioniert es<\/span>\n\t<\/a>\n\n\n\n\t\t<\/div>\n\t\t\t\t\t<\/div>\n\n\t\n\n<\/div>\n\n\t\t<\/div>\n\n\t\t\n<style>\n#section_1113313118 {\n  padding-top: 30px;\n  padding-bottom: 30px;\n  background-color: rgb(255, 255, 255);\n}\n#section_1113313118 .section-bg-overlay {\n  background-color: rgba(0, 0, 0, 0.61);\n}\n#section_1113313118 .section-bg img {\n  object-position: 52% 53%;\n}\n<\/style>\n\t<\/section>\n\t\n\n\t<section class=\"section\" id=\"section_763853349\">\n\t\t<div class=\"section-bg fill\" >\n\t\t\t\t\t\t\t\t\t\n\t\t\t\n\n\t\t<\/div>\n\n\t\t\n\n\t\t<div class=\"section-content relative\">\n\t\t\t\n\n<div class=\"row align-center\"  id=\"row-911967366\">\n\n\n\t<div id=\"col-1712815111\" class=\"col medium-8 small-12 large-8\"  >\n\t\t\t\t<div class=\"col-inner text-center\"  >\n\t\t\t\n\t\t\t\n\n\t<div id=\"text-1864370449\" class=\"text\">\n\t\t\n\n<h2>Verwandeln Sie Ihre Betriebsbesichtigungen in unvergessliche Erlebnisse f\u00fcr Ihre Mitarbeiter oder Partner.<\/h2>\n\t\t\n<style>\n#text-1864370449 {\n  font-size: 1.1rem;\n  text-align: left;\n  color: rgb(129, 182, 232);\n}\n#text-1864370449 > * {\n  color: rgb(129, 182, 232);\n}\n<\/style>\n\t<\/div>\n\t\n\t<div id=\"text-549838752\" class=\"text txtjustify\">\n\t\t\n\n<p>\nStellen Sie sich vor, eine Schatzsuche oder ein Escape Game zu organisieren, um Ihr Unternehmen auf eine v\u00f6llig neue Art und Weise zu entdecken. Ob es darum geht, einen Tag der offenen T\u00fcr zu organisieren oder Ihre neuen Mitarbeiter zu integrieren, Luxilux bietet Ihnen eine gebrauchsfertige L\u00f6sung, um den Besuch Ihres Unternehmens in ein spielerisches und eindrucksvolles Erlebnis zu verwandeln. <\/p>\n<p>Sie brauchen uns nur die Rohfassung des Inhalts zu liefern, und unser Expertenteam wird sich darum k\u00fcmmern, ein ma\u00dfgeschneidertes Abenteuer zu erstellen, das auf Ihre Branche und Ihre Unternehmenskultur zugeschnitten ist. Lassen Sie Ihre Teilnehmer in ein fesselndes Szenario eintauchen, in dem sie R\u00e4tsel l\u00f6sen, Herausforderungen annehmen und zusammenarbeiten m\u00fcssen, um die Geheimnisse Ihrer Organisation zu l\u00fcften. <\/p>\n<p>Dieser innovative Ansatz f\u00f6rdert das Engagement, regt die Kreativit\u00e4t an und st\u00e4rkt den Teamzusammenhalt. Die Teilnehmer, ob Mitarbeiter, Partner oder Besucher, werden mit einem besseren Verst\u00e4ndnis Ihres Unternehmens und einem st\u00e4rkeren Zugeh\u00f6rigkeitsgef\u00fchl nach Hause gehen. <\/p>\n<p>Lassen Sie sich diese Gelegenheit nicht entgehen, um bei Ihren Besuchern und Mitarbeitern einen bleibenden Eindruck zu hinterlassen. Wenden Sie sich an Luxilux, um ein einzigartiges Abenteuer zu entwerfen, das Ihr Unternehmen ins rechte Licht r\u00fcckt und bleibende Erinnerungen schafft. <\/p>\n<p>Kontaktieren Sie uns noch heute, um mehr zu erfahren und mit der Planung Ihres ma\u00dfgeschneiderten Erlebnisses zu beginnen.\n<\/p>\n\t\t\n<style>\n#text-549838752 {\n  font-size: 1.1rem;\n  line-height: 1.5;\n  text-align: left;\n}\n<\/style>\n\t<\/div>\n\t\n<a href=\"#contact\" class=\"button primary is-larger expand\" style=\"border-radius:15px;padding:10px 0px 10px 0px;\">\n\t\t<span>Kontaktieren Sie uns<\/span>\n\t<\/a>\n\n\n\n\t\t<\/div>\n\t\t\t\t\t<\/div>\n\n\t\n\n<\/div>\n\n\t\t<\/div>\n\n\t\t\n<style>\n#section_763853349 {\n  padding-top: 30px;\n  padding-bottom: 30px;\n  background-color: rgb(236, 236, 236);\n}\n<\/style>\n\t<\/section>\n\t\n\n\t<section class=\"section\" id=\"section_1643237821\">\n\t\t<div class=\"section-bg fill\" >\n\t\t\t\t\t\t\t\t\t\n\t\t\t\n\n\t\t<\/div>\n\n\t\t\n\n\t\t<div class=\"section-content relative\">\n\t\t\t\n\n<div class=\"row align-center\"  id=\"row-1075509198\">\n\n\n\t<div id=\"col-1974088905\" class=\"col small-12 large-12\"  >\n\t\t\t\t<div class=\"col-inner\"  >\n\t\t\t\n\t\t\t\n\n<span class=\"scroll-to\" data-label=\"Scroll to: #how\" data-bullet=\"false\" data-link=\"#how\" data-title=\"how\"><a name=\"how\"><\/a><\/span>\n\n\t<div id=\"text-2524556291\" class=\"text\">\n\t\t\n\n<h1>Luxilux f\u00fcr Betriebe in 3 Punkten<\/h1>\n\t\t\n<style>\n#text-2524556291 {\n  font-size: 1.6rem;\n  text-align: center;\n}\n<\/style>\n\t<\/div>\n\t\n<p>Mit Luxilux k\u00f6nnen Sie Ihr Unternehmen mit einem ma\u00dfgeschneiderten Escape Game in ein spielerisches Erlebnis verwandeln. Folgen Sie den wichtigsten Schritten unseres Prozesses, von der Analyse Ihrer Bed\u00fcrfnisse \u00fcber die Animation des Spiels bis hin zur Gestaltung des Szenarios, um Ihren Mitarbeitern und Partnern ein unvergessliches Abenteuer zu bieten, das den Zusammenhalt im Team st\u00e4rkt und Ihr Unternehmen ins rechte Licht r\u00fcckt. <\/p>\n\n\t\t<\/div>\n\t\t\t\t\t<\/div>\n\n\t\n\n\t<div id=\"col-668006472\" class=\"col medium-4 small-12 large-4\"  >\n\t\t\t\t<div class=\"col-inner\"  >\n\t\t\t\n\t\t\t\n\n\t<div id=\"text-3526106254\" class=\"text\">\n\t\t\n\n<h4 class=\"uppercase\">1) BEDARFSANALYSE UND ANPASSUNG<br>\n<\/h4>\n\t\t\n<style>\n#text-3526106254 {\n  font-size: 0.85rem;\n}\n<\/style>\n\t<\/div>\n\t\n\t<div class=\"img has-hover x md-x lg-x y md-y lg-y\" id=\"image_2098713406\">\n\t\t\t\t\t\t\t\t<div class=\"img-inner dark\" >\n\t\t\t<img loading=\"lazy\" decoding=\"async\" width=\"600\" height=\"350\" src=\"https:\/\/www.luxilux.lu\/wp-content\/uploads\/2023\/05\/tourisme_1.webp\" class=\"attachment-large size-large\" alt=\"\" srcset=\"https:\/\/www.luxilux.lu\/wp-content\/uploads\/2023\/05\/tourisme_1.webp 600w, https:\/\/www.luxilux.lu\/wp-content\/uploads\/2023\/05\/tourisme_1-300x175.webp 300w\" sizes=\"auto, (max-width: 600px) 100vw, 600px\" \/>\t\t\t\t\t\t\n\t\t\t\t\t<\/div>\n\t\t\t\t\t\t\t\t\n<style>\n#image_2098713406 {\n  width: 100%;\n}\n<\/style>\n\t<\/div>\n\t\n\n\t<div id=\"text-165816700\" class=\"text txtjustify\">\n\t\t\n\n<p>Wir beginnen damit, Ihre Ziele und Erwartungen an das Escape Game zu ermitteln. Wir ber\u00fccksichtigen die Gr\u00f6\u00dfe Ihres Unternehmens, Ihre Branche und Ihre Unternehmenskultur, um ein einzigartiges, auf Ihre spezifischen Bed\u00fcrfnisse zugeschnittenes Erlebnis zu schaffen. <\/p>\n\t\t\t<\/div>\n\t\n\n\t\t<\/div>\n\t\t\t\t\t<\/div>\n\n\t\n\n\t<div id=\"col-655223891\" class=\"col medium-4 small-12 large-4\"  >\n\t\t\t\t<div class=\"col-inner\"  >\n\t\t\t\n\t\t\t\n\n\t<div id=\"text-3711638069\" class=\"text\">\n\t\t\n\n<h4 class=\"uppercase\">2) KONZEPTION UND SCRIPTWRITING<\/h4><p><\/p>\n\t\t\n<style>\n#text-3711638069 {\n  font-size: 0.85rem;\n}\n<\/style>\n\t<\/div>\n\t\n\t<div class=\"img has-hover x md-x lg-x y md-y lg-y\" id=\"image_1384475581\">\n\t\t\t\t\t\t\t\t<div class=\"img-inner dark\" >\n\t\t\t<img loading=\"lazy\" decoding=\"async\" width=\"600\" height=\"350\" src=\"https:\/\/www.luxilux.lu\/wp-content\/uploads\/2023\/05\/tourisme_2.webp\" class=\"attachment-large size-large\" alt=\"\" srcset=\"https:\/\/www.luxilux.lu\/wp-content\/uploads\/2023\/05\/tourisme_2.webp 600w, https:\/\/www.luxilux.lu\/wp-content\/uploads\/2023\/05\/tourisme_2-300x175.webp 300w\" sizes=\"auto, (max-width: 600px) 100vw, 600px\" \/>\t\t\t\t\t\t\n\t\t\t\t\t<\/div>\n\t\t\t\t\t\t\t\t\n<style>\n#image_1384475581 {\n  width: 100%;\n}\n<\/style>\n\t<\/div>\n\t\n\n\t<div id=\"text-163530509\" class=\"text txtjustify\">\n\t\t\n\n<p>Unser Team von Escape-Game-Experten macht sich an die Arbeit, um ein fesselndes Szenario und anspruchsvolle R\u00e4tsel zu entwickeln, die auf die Besonderheiten Ihres Unternehmens abgestimmt sind. Wir sorgen daf\u00fcr, dass das Escape Game, die Zusammenarbeit, die Reflexion und die Kommunikation unter den Teilnehmern f\u00f6rdert. <\/p>\n\t\t\t<\/div>\n\t\n\n\t\t<\/div>\n\t\t\t\t\t<\/div>\n\n\t\n\n\t<div id=\"col-1230746563\" class=\"col medium-4 small-12 large-4\"  >\n\t\t\t\t<div class=\"col-inner\"  >\n\t\t\t\n\t\t\t\n\n\t<div id=\"text-1807944278\" class=\"text\">\n\t\t\n\n<h4 class=\"uppercase\">3) Installation<br>\n<\/h4>\n\t\t\n<style>\n#text-1807944278 {\n  font-size: 0.85rem;\n}\n<\/style>\n\t<\/div>\n\t\n\t<div class=\"img has-hover x md-x lg-x y md-y lg-y\" id=\"image_552306778\">\n\t\t\t\t\t\t\t\t<div class=\"img-inner dark\" >\n\t\t\t<img loading=\"lazy\" decoding=\"async\" width=\"600\" height=\"350\" src=\"https:\/\/www.luxilux.lu\/wp-content\/uploads\/2023\/05\/tourisme_3.webp\" class=\"attachment-large size-large\" alt=\"\" srcset=\"https:\/\/www.luxilux.lu\/wp-content\/uploads\/2023\/05\/tourisme_3.webp 600w, https:\/\/www.luxilux.lu\/wp-content\/uploads\/2023\/05\/tourisme_3-300x175.webp 300w\" sizes=\"auto, (max-width: 600px) 100vw, 600px\" \/>\t\t\t\t\t\t\n\t\t\t\t\t<\/div>\n\t\t\t\t\t\t\t\t\n<style>\n#image_552306778 {\n  width: 100%;\n}\n<\/style>\n\t<\/div>\n\t\n\n\t<div id=\"text-4148732518\" class=\"text txtjustify\">\n\t\t\n\n<p>Sobald das Szenario und die R\u00e4tsel fertig gestellt sind, k\u00fcmmern wir uns um die Installation in Ihren R\u00e4umlichkeiten. Wir testen den Rundgang mit ein paar unserer Leute vor Ort. Wir k\u00f6nnen ebenfalls ein Kick-off organisieren. In diesem Fall werden unsere professionellen Spielleiter die Sitzung leiten und darauf achten, dass die Teilnehmer unvergessliche Momente in Ihrem Unternehmen erleben. Wenn das Spiel \u00f6fter eingesetzt werden soll, k\u00f6nnen wir auch gerne Ihre Leute schulen, um die Betreuung zu \u00fcbernehmen.<\/p>\n\t\t\t<\/div>\n\t\n\n\t\t<\/div>\n\t\t\t\t\t<\/div>\n\n\t\n\n\t<div id=\"col-202249454\" class=\"col small-12 large-12\"  >\n\t\t\t\t<div class=\"col-inner text-left\"  >\n\t\t\t\n\t\t\t\n\n<span class=\"scroll-to\" data-label=\"Scroll to: #contact\" data-bullet=\"false\" data-link=\"#contact\" data-title=\"contact\"><a name=\"contact\"><\/a><\/span>\n\n<div class=\"container section-title-container\" ><h1 class=\"section-title section-title-normal\"><b aria-hidden=\"true\"><\/b><span class=\"section-title-main\" style=\"font-size:91%;\">Kontaktieren Sie uns noch heute, um mehr zu erfahren und mit der Planung Ihres ma\u00dfgeschneiderten Erlebnisses zu beginnen.<\/span><b aria-hidden=\"true\"><\/b><\/h1><\/div>\n\n<style id=\"wpforms-css-vars-491\">\n\t\t\t\t#wpforms-491 {\n\t\t\t\t\n\t\t\t}\n\t\t\t<\/style><div class=\"wpforms-container wpforms-container-full wpforms-render-modern\" id=\"wpforms-491\"><form id=\"wpforms-form-491\" class=\"wpforms-validate wpforms-form wpforms-ajax-form\" data-formid=\"491\" method=\"post\" enctype=\"multipart\/form-data\" action=\"\/de\/wp-json\/wp\/v2\/pages\/1513\" data-token=\"fae6cf7679bf1573a54d52d7e62a11e6\" data-token-time=\"1776167407\"><noscript class=\"wpforms-error-noscript\">Bitte aktiviere JavaScript in deinem Browser, um dieses Formular fertigzustellen.<\/noscript><div id=\"wpforms-error-noscript\" style=\"display: none;\">Bitte aktiviere JavaScript in deinem Browser, um dieses Formular fertigzustellen.<\/div><div class=\"wpforms-field-container\"><div id=\"wpforms-491-field_3-container\" class=\"wpforms-field wpforms-field-layout\" data-field-id=\"3\"><div class=\"wpforms-field-layout-columns wpforms-field-layout-preset-50-50\"><div class=\"wpforms-layout-column wpforms-layout-column-50\" ><div id=\"wpforms-491-field_0-container\" class=\"wpforms-field wpforms-field-name\" data-field-id=\"0\"><label class=\"wpforms-field-label\" for=\"wpforms-491-field_0\">Name <span class=\"wpforms-required-label\" aria-hidden=\"true\">*<\/span><\/label><input type=\"text\" id=\"wpforms-491-field_0\" class=\"wpforms-field-small wpforms-field-required\" name=\"wpforms[fields][0]\" aria-errormessage=\"wpforms-491-field_0-error\" required><\/div><div id=\"wpforms-491-field_4-container\" class=\"wpforms-field wpforms-field-text\" data-field-id=\"4\"><label class=\"wpforms-field-label\" for=\"wpforms-491-field_4\">Betrieb<\/label><input type=\"text\" id=\"wpforms-491-field_4\" class=\"wpforms-field-medium\" name=\"wpforms[fields][4]\" aria-errormessage=\"wpforms-491-field_4-error\" ><\/div><\/div><div class=\"wpforms-layout-column wpforms-layout-column-50\" ><div id=\"wpforms-491-field_1-container\" class=\"wpforms-field wpforms-field-email wpforms-one-half\" data-field-id=\"1\"><label class=\"wpforms-field-label\" for=\"wpforms-491-field_1\">E-Mail <span class=\"wpforms-required-label\" aria-hidden=\"true\">*<\/span><\/label><input type=\"email\" id=\"wpforms-491-field_1\" class=\"wpforms-field-small wpforms-field-required\" name=\"wpforms[fields][1]\" spellcheck=\"false\" aria-errormessage=\"wpforms-491-field_1-error\" required><\/div><div id=\"wpforms-491-field_5-container\" class=\"wpforms-field wpforms-field-phone\" data-field-id=\"5\"><label class=\"wpforms-field-label\" for=\"wpforms-491-field_5\">Telefon<\/label><input type=\"tel\" id=\"wpforms-491-field_5\" class=\"wpforms-field-medium wpforms-smart-phone-field\" data-rule-smart-phone-field=\"true\" name=\"wpforms[fields][5]\" aria-label=\"Telefon\" aria-errormessage=\"wpforms-491-field_5-error\" ><\/div><\/div><\/div><\/div><div id=\"wpforms-491-field_2-container\" class=\"wpforms-field wpforms-field-textarea\" data-field-id=\"2\"><label class=\"wpforms-field-label\" for=\"wpforms-491-field_2\">Nachricht<\/label><textarea id=\"wpforms-491-field_2\" class=\"wpforms-field-medium\" name=\"wpforms[fields][2]\" aria-errormessage=\"wpforms-491-field_2-error\" ><\/textarea><\/div><\/div><!-- .wpforms-field-container --><div class=\"wpforms-submit-container\" ><input type=\"hidden\" name=\"wpforms[id]\" value=\"491\"><input type=\"hidden\" name=\"page_title\" value=\"\"><input type=\"hidden\" name=\"page_url\" value=\"https:\/\/www.luxilux.lu\/de\/wp-json\/wp\/v2\/pages\/1513\"><input type=\"hidden\" name=\"url_referer\" value=\"\"><button type=\"submit\" name=\"wpforms[submit]\" id=\"wpforms-submit-491\" class=\"wpforms-submit\" data-alt-text=\"Senden...\" data-submit-text=\"Abschicken\" aria-live=\"assertive\" value=\"wpforms-submit\">Abschicken<\/button><img loading=\"lazy\" decoding=\"async\" src=\"https:\/\/www.luxilux.lu\/wp-content\/plugins\/wpforms\/assets\/images\/submit-spin.svg\" class=\"wpforms-submit-spinner\" style=\"display: none;\" width=\"26\" height=\"26\" alt=\"Wird geladen\"><\/div><\/form><\/div>  <!-- .wpforms-container -->\n\n\t\t<\/div>\n\t\t\t\t\t<\/div>\n\n\t\n\n<\/div>\n\n\t\t<\/div>\n\n\t\t\n<style>\n#section_1643237821 {\n  padding-top: 0px;\n  padding-bottom: 0px;\n}\n<\/style>\n\t<\/section>\n\t\n\n","protected":false},"excerpt":{"rendered":"","protected":false},"author":2,"featured_media":0,"parent":0,"menu_order":0,"comment_status":"closed","ping_status":"closed","template":"page-blank.php","meta":{"_acf_changed":false,"footnotes":""},"class_list":["post-1513","page","type-page","status-publish","hentry"],"acf":[],"yoast_head":"<!-- This site is optimized with the Yoast SEO plugin v27.0 - https:\/\/yoast.com\/product\/yoast-seo-wordpress\/ -->\n<title>LUXILUX: Ihr Escape Game f\u00fcr Betriebe.<\/title>\n<meta name=\"description\" content=\"Organisieren Sie mit Luxilux Schatzsuchen oder Escape Games f\u00fcr eine spielerische und immersive Entdeckung Ihres Unternehmens.\" \/>\n<meta name=\"robots\" content=\"index, follow, max-snippet:-1, max-image-preview:large, max-video-preview:-1\" \/>\n<link rel=\"canonical\" href=\"https:\/\/www.luxilux.lu\/de\/betriebe\/\" \/>\n<meta property=\"og:locale\" content=\"de_DE\" \/>\n<meta property=\"og:type\" content=\"article\" \/>\n<meta property=\"og:title\" content=\"LUXILUX: Ihr Escape Game f\u00fcr Betriebe.\" \/>\n<meta property=\"og:description\" content=\"Organisieren Sie mit Luxilux Schatzsuchen oder Escape Games f\u00fcr eine spielerische und immersive Entdeckung Ihres Unternehmens.\" \/>\n<meta property=\"og:url\" content=\"https:\/\/www.luxilux.lu\/de\/betriebe\/\" \/>\n<meta property=\"og:site_name\" content=\"Luxilux\" \/>\n<meta property=\"article:publisher\" content=\"https:\/\/www.facebook.com\/luxilux.lu\/\" \/>\n<meta property=\"article:modified_time\" content=\"2024-03-29T13:59:58+00:00\" \/>\n<meta name=\"twitter:card\" content=\"summary_large_image\" \/>\n<meta name=\"twitter:label1\" content=\"Gesch\u00e4tzte Lesezeit\" \/>\n\t<meta name=\"twitter:data1\" content=\"4\u00a0Minuten\" \/>\n<script type=\"application\/ld+json\" class=\"yoast-schema-graph\">{\"@context\":\"https:\/\/schema.org\",\"@graph\":[{\"@type\":\"WebPage\",\"@id\":\"https:\/\/www.luxilux.lu\/de\/betriebe\/\",\"url\":\"https:\/\/www.luxilux.lu\/de\/betriebe\/\",\"name\":\"LUXILUX: Ihr Escape Game f\u00fcr Betriebe.\",\"isPartOf\":{\"@id\":\"https:\/\/www.luxilux.lu\/de\/#website\"},\"datePublished\":\"2023-05-12T12:28:55+00:00\",\"dateModified\":\"2024-03-29T13:59:58+00:00\",\"description\":\"Organisieren Sie mit Luxilux Schatzsuchen oder Escape Games f\u00fcr eine spielerische und immersive Entdeckung Ihres Unternehmens.\",\"breadcrumb\":{\"@id\":\"https:\/\/www.luxilux.lu\/de\/betriebe\/#breadcrumb\"},\"inLanguage\":\"de\",\"potentialAction\":[{\"@type\":\"ReadAction\",\"target\":[\"https:\/\/www.luxilux.lu\/de\/betriebe\/\"]}]},{\"@type\":\"BreadcrumbList\",\"@id\":\"https:\/\/www.luxilux.lu\/de\/betriebe\/#breadcrumb\",\"itemListElement\":[{\"@type\":\"ListItem\",\"position\":1,\"name\":\"Home\",\"item\":\"https:\/\/www.luxilux.lu\/de\/\"},{\"@type\":\"ListItem\",\"position\":2,\"name\":\"Betriebe\"}]},{\"@type\":\"WebSite\",\"@id\":\"https:\/\/www.luxilux.lu\/de\/#website\",\"url\":\"https:\/\/www.luxilux.lu\/de\/\",\"name\":\"Luxilux\",\"description\":\"Discover the unexpected Luxembourg\",\"publisher\":{\"@id\":\"https:\/\/www.luxilux.lu\/de\/#organization\"},\"potentialAction\":[{\"@type\":\"SearchAction\",\"target\":{\"@type\":\"EntryPoint\",\"urlTemplate\":\"https:\/\/www.luxilux.lu\/de\/?s={search_term_string}\"},\"query-input\":{\"@type\":\"PropertyValueSpecification\",\"valueRequired\":true,\"valueName\":\"search_term_string\"}}],\"inLanguage\":\"de\"},{\"@type\":\"Organization\",\"@id\":\"https:\/\/www.luxilux.lu\/de\/#organization\",\"name\":\"Luxilux\",\"url\":\"https:\/\/www.luxilux.lu\/de\/\",\"logo\":{\"@type\":\"ImageObject\",\"inLanguage\":\"de\",\"@id\":\"https:\/\/www.luxilux.lu\/de\/#\/schema\/logo\/image\/\",\"url\":\"https:\/\/www.luxilux.lu\/wp-content\/uploads\/2023\/05\/luxilux-logo-sd.png\",\"contentUrl\":\"https:\/\/www.luxilux.lu\/wp-content\/uploads\/2023\/05\/luxilux-logo-sd.png\",\"width\":1024,\"height\":470,\"caption\":\"Luxilux\"},\"image\":{\"@id\":\"https:\/\/www.luxilux.lu\/de\/#\/schema\/logo\/image\/\"},\"sameAs\":[\"https:\/\/www.facebook.com\/luxilux.lu\/\",\"https:\/\/www.instagram.com\/luxilux.lu\/\"]}]}<\/script>\n<!-- \/ Yoast SEO plugin. -->","yoast_head_json":{"title":"LUXILUX: Ihr Escape Game f\u00fcr Betriebe.","description":"Organisieren Sie mit Luxilux Schatzsuchen oder Escape Games f\u00fcr eine spielerische und immersive Entdeckung Ihres Unternehmens.","robots":{"index":"index","follow":"follow","max-snippet":"max-snippet:-1","max-image-preview":"max-image-preview:large","max-video-preview":"max-video-preview:-1"},"canonical":"https:\/\/www.luxilux.lu\/de\/betriebe\/","og_locale":"de_DE","og_type":"article","og_title":"LUXILUX: Ihr Escape Game f\u00fcr Betriebe.","og_description":"Organisieren Sie mit Luxilux Schatzsuchen oder Escape Games f\u00fcr eine spielerische und immersive Entdeckung Ihres Unternehmens.","og_url":"https:\/\/www.luxilux.lu\/de\/betriebe\/","og_site_name":"Luxilux","article_publisher":"https:\/\/www.facebook.com\/luxilux.lu\/","article_modified_time":"2024-03-29T13:59:58+00:00","twitter_card":"summary_large_image","twitter_misc":{"Gesch\u00e4tzte Lesezeit":"4\u00a0Minuten"},"schema":{"@context":"https:\/\/schema.org","@graph":[{"@type":"WebPage","@id":"https:\/\/www.luxilux.lu\/de\/betriebe\/","url":"https:\/\/www.luxilux.lu\/de\/betriebe\/","name":"LUXILUX: Ihr Escape Game f\u00fcr Betriebe.","isPartOf":{"@id":"https:\/\/www.luxilux.lu\/de\/#website"},"datePublished":"2023-05-12T12:28:55+00:00","dateModified":"2024-03-29T13:59:58+00:00","description":"Organisieren Sie mit Luxilux Schatzsuchen oder Escape Games f\u00fcr eine spielerische und immersive Entdeckung Ihres Unternehmens.","breadcrumb":{"@id":"https:\/\/www.luxilux.lu\/de\/betriebe\/#breadcrumb"},"inLanguage":"de","potentialAction":[{"@type":"ReadAction","target":["https:\/\/www.luxilux.lu\/de\/betriebe\/"]}]},{"@type":"BreadcrumbList","@id":"https:\/\/www.luxilux.lu\/de\/betriebe\/#breadcrumb","itemListElement":[{"@type":"ListItem","position":1,"name":"Home","item":"https:\/\/www.luxilux.lu\/de\/"},{"@type":"ListItem","position":2,"name":"Betriebe"}]},{"@type":"WebSite","@id":"https:\/\/www.luxilux.lu\/de\/#website","url":"https:\/\/www.luxilux.lu\/de\/","name":"Luxilux","description":"Discover the unexpected Luxembourg","publisher":{"@id":"https:\/\/www.luxilux.lu\/de\/#organization"},"potentialAction":[{"@type":"SearchAction","target":{"@type":"EntryPoint","urlTemplate":"https:\/\/www.luxilux.lu\/de\/?s={search_term_string}"},"query-input":{"@type":"PropertyValueSpecification","valueRequired":true,"valueName":"search_term_string"}}],"inLanguage":"de"},{"@type":"Organization","@id":"https:\/\/www.luxilux.lu\/de\/#organization","name":"Luxilux","url":"https:\/\/www.luxilux.lu\/de\/","logo":{"@type":"ImageObject","inLanguage":"de","@id":"https:\/\/www.luxilux.lu\/de\/#\/schema\/logo\/image\/","url":"https:\/\/www.luxilux.lu\/wp-content\/uploads\/2023\/05\/luxilux-logo-sd.png","contentUrl":"https:\/\/www.luxilux.lu\/wp-content\/uploads\/2023\/05\/luxilux-logo-sd.png","width":1024,"height":470,"caption":"Luxilux"},"image":{"@id":"https:\/\/www.luxilux.lu\/de\/#\/schema\/logo\/image\/"},"sameAs":["https:\/\/www.facebook.com\/luxilux.lu\/","https:\/\/www.instagram.com\/luxilux.lu\/"]}]}},"_links":{"self":[{"href":"https:\/\/www.luxilux.lu\/de\/wp-json\/wp\/v2\/pages\/1513","targetHints":{"allow":["GET"]}}],"collection":[{"href":"https:\/\/www.luxilux.lu\/de\/wp-json\/wp\/v2\/pages"}],"about":[{"href":"https:\/\/www.luxilux.lu\/de\/wp-json\/wp\/v2\/types\/page"}],"author":[{"embeddable":true,"href":"https:\/\/www.luxilux.lu\/de\/wp-json\/wp\/v2\/users\/2"}],"replies":[{"embeddable":true,"href":"https:\/\/www.luxilux.lu\/de\/wp-json\/wp\/v2\/comments?post=1513"}],"version-history":[{"count":1,"href":"https:\/\/www.luxilux.lu\/de\/wp-json\/wp\/v2\/pages\/1513\/revisions"}],"predecessor-version":[{"id":1514,"href":"https:\/\/www.luxilux.lu\/de\/wp-json\/wp\/v2\/pages\/1513\/revisions\/1514"}],"wp:attachment":[{"href":"https:\/\/www.luxilux.lu\/de\/wp-json\/wp\/v2\/media?parent=1513"}],"curies":[{"name":"wp","href":"https:\/\/api.w.org\/{rel}","templated":true}]}}