{"id":1515,"date":"2023-05-12T15:50:55","date_gmt":"2023-05-12T13:50:55","guid":{"rendered":"https:\/\/www.luxilux.lu\/teambuilding\/"},"modified":"2024-03-29T15:03:05","modified_gmt":"2024-03-29T14:03:05","slug":"teambuilding","status":"publish","type":"page","link":"https:\/\/www.luxilux.lu\/de\/teambuilding\/","title":{"rendered":"Teambuilding"},"content":{"rendered":"\n\n\t<section class=\"section has-parallax\" id=\"section_1739262024\">\n\t\t<div class=\"section-bg fill\" data-parallax-container=\".section\" data-parallax-background data-parallax=\"-3\">\n\t\t\t<img loading=\"lazy\" decoding=\"async\" width=\"1400\" height=\"785\" src=\"https:\/\/www.luxilux.lu\/wp-content\/uploads\/2023\/05\/team_building.webp\" class=\"bg attachment-original size-original\" alt=\"\" \/>\t\t\t\t\t\t<div class=\"section-bg-overlay absolute fill\"><\/div>\n\t\t\t\n\n\t\t<\/div>\n\n\t\t\n\n\t\t<div class=\"section-content relative\">\n\t\t\t\n\n<div class=\"row row-full-width align-center\"  id=\"row-1363724507\">\n\n\n\t<div id=\"col-297301111\" class=\"col medium-7 small-12 large-7\"  >\n\t\t\t\t<div class=\"col-inner text-center\"  >\n\t\t\t\n\t\t\t\n\n\t<div id=\"text-2526398624\" class=\"text\">\n\t\t\n\n<h1 style=\"margin:0 0 0 0;\">LUXILUX EASY<br>\n<\/h1>\n\t\t\n<style>\n#text-2526398624 {\n  font-size: 2.4rem;\n  color: #81b6e8;\n}\n#text-2526398624 > * {\n  color: #81b6e8;\n}\n@media (min-width:550px) {\n  #text-2526398624 {\n    font-size: 2.35rem;\n  }\n}\n<\/style>\n\t<\/div>\n\t\n\t<div id=\"text-2967705467\" class=\"text txt-justified\">\n\t\t\n\n<p style=\"font-size: 2em; ligne-height:0.4em;padding:0 0 0 0; margin:0 0 0 0;\">TEAMBUILDING<\/p>\n<p>Stadtrallyes mit <strong>begrenztem Budget!<\/strong><\/p>\n\t\t\n<style>\n#text-2967705467 {\n  font-size: 0.8rem;\n  text-align: center;\n  color: rgb(255,255,255);\n}\n#text-2967705467 > * {\n  color: rgb(255,255,255);\n}\n@media (min-width:550px) {\n  #text-2967705467 {\n    font-size: 1.65rem;\n  }\n}\n<\/style>\n\t<\/div>\n\t\n<a href=\"#more\" class=\"button primary\" style=\"border-radius:13px;\">\n\t\t<span>Mehr dazu<\/span>\n\t<\/a>\n\n\n\n\t\t<\/div>\n\t\t\t\t\t<\/div>\n\n\t\n\n<\/div>\n\n\t\t<\/div>\n\n\t\t\n<style>\n#section_1739262024 {\n  padding-top: 30px;\n  padding-bottom: 30px;\n  background-color: rgb(255, 255, 255);\n}\n#section_1739262024 .section-bg-overlay {\n  background-color: rgba(0, 0, 0, 0.459);\n}\n#section_1739262024 .section-bg img {\n  object-position: 52% 44%;\n}\n<\/style>\n\t<\/section>\n\t\n<div class=\"row align-center\"  id=\"row-1349900343\">\n\n\n\t<div id=\"col-1317253967\" class=\"col medium-6 small-12 large-6\"  >\n\t\t\t\t<div class=\"col-inner\"  >\n\t\t\t\n\t\t\t\n\n<p>Mehr dazu  <\/p>\n<p>Entdecken Sie LuxiLux Easy Team Building! Unser Service wurde speziell f\u00fcr Unternehmen mit einem begrenzten Budget entwickelt, das schnell Aktivit\u00e4ten zur F\u00f6rderung des Teamzusammenhalts organisieren m\u00f6chten. Dank unserer schl\u00fcsselfertigen L\u00f6sung k\u00f6nnen Sie ein qualitativ hochwertiges Erlebnis genie\u00dfen, ohne sich um die organisatorischen Details sorgen zu m\u00fcssen. <\/p>\n\n\t\t<\/div>\n\t\t\t\t\n<style>\n#col-1317253967 > .col-inner {\n  padding: 20px 0px 0px 0px;\n}\n<\/style>\n\t<\/div>\n\n\t\n\n\t<div id=\"col-1761877052\" class=\"col medium-6 small-12 large-6\"  >\n\t\t\t\t<div class=\"col-inner\"  >\n\t\t\t\n\t\t\t\n\n\n  <div class=\"banner has-hover\" id=\"banner-212397246\">\n          <div class=\"banner-inner fill\">\n        <div class=\"banner-bg fill\" >\n                                    <div class=\"overlay\"><\/div>            \n                    <\/div>\n\t\t\n        <div class=\"banner-layers container\">\n            <div class=\"fill banner-link\"><\/div>            \n\n   <div id=\"text-box-1431397678\" class=\"text-box banner-layer x50 md-x50 lg-x50 y50 md-y50 lg-y50 res-text\">\n                                <div class=\"text-box-content text box-shadow-3 dark\">\n              \n              <div class=\"text-inner text-center\">\n                  \n\n\t<div id=\"text-2981266454\" class=\"text\">\n\t\t\n\n<p>Ab<\/p>\n<h2 class=\"uppercase\"><strong>900 \u20ac<\/strong><\/h2>\n<p class=\"uppercase\">nur<\/p>\n\t\t\n<style>\n#text-2981266454 {\n  font-size: 1.1rem;\n}\n<\/style>\n\t<\/div>\n\t\n<a data-animate=\"fadeInLeft\" href=\"#contact\" class=\"button success is-large\" style=\"border-radius:26px;padding:20px 20px 20px 20px;\">\n\t\t<span>Kontaktieren Sie uns<\/span>\n\t<\/a>\n\n\n\n              <\/div>\n           <\/div>\n                            \n<style>\n#text-box-1431397678 .text-box-content {\n  background-color: rgb(129, 182, 232);\n  font-size: 100%;\n}\n#text-box-1431397678 .text-inner {\n  padding: 30px 30px 30px 30px;\n}\n#text-box-1431397678 {\n  width: 60%;\n}\n@media (min-width:550px) {\n  #text-box-1431397678 {\n    width: 98%;\n  }\n}\n<\/style>\n    <\/div>\n \n\n        <\/div>\n      <\/div>\n\n            \n<style>\n#banner-212397246 {\n  padding-top: 301px;\n  background-color: rgb(255, 255, 255);\n}\n#banner-212397246 .overlay {\n  background-color: rgba(0, 0, 0, 0);\n}\n<\/style>\n  <\/div>\n\n\n\n\t\t<\/div>\n\t\t\t\t\n<style>\n#col-1761877052 > .col-inner {\n  padding: 20px 0px 0px 0px;\n}\n<\/style>\n\t<\/div>\n\n\t\n\n<\/div>\n<span class=\"scroll-to\" data-label=\"Scroll to: #more\" data-bullet=\"false\" data-link=\"#more\" data-title=\"more\"><a name=\"more\"><\/a><\/span>\n\n<div class=\"row align-center\"  id=\"row-1049272348\">\n\n\n\t<div id=\"col-1208299542\" class=\"col medium-4 small-12 large-4\"  >\n\t\t\t\t<div class=\"col-inner\"  >\n\t\t\t\n\t\t\t\n\n\t<div id=\"text-3118844621\" class=\"text\">\n\t\t\n\n<h4 class=\"uppercase\">Kontrolliertes Budget <\/h4>\n\t\t\n<style>\n#text-3118844621 {\n  font-size: 0.85rem;\n}\n<\/style>\n\t<\/div>\n\t\n\t<div class=\"img has-hover x md-x lg-x y md-y lg-y\" id=\"image_1867475425\">\n\t\t\t\t\t\t\t\t<div class=\"img-inner dark\" >\n\t\t\t<img loading=\"lazy\" decoding=\"async\" width=\"600\" height=\"350\" src=\"https:\/\/www.luxilux.lu\/wp-content\/uploads\/2023\/05\/tourisme_1.webp\" class=\"attachment-large size-large\" alt=\"\" srcset=\"https:\/\/www.luxilux.lu\/wp-content\/uploads\/2023\/05\/tourisme_1.webp 600w, https:\/\/www.luxilux.lu\/wp-content\/uploads\/2023\/05\/tourisme_1-300x175.webp 300w\" sizes=\"auto, (max-width: 600px) 100vw, 600px\" \/>\t\t\t\t\t\t\n\t\t\t\t\t<\/div>\n\t\t\t\t\t\t\t\t\n<style>\n#image_1867475425 {\n  width: 100%;\n}\n<\/style>\n\t<\/div>\n\t\n\n<p>Wir bieten eine Auswahl an Aktivit\u00e4ten, die f\u00fcr jedes Budget geeignet sind, ohne die Qualit\u00e4t des Erlebnisses zu beeintr\u00e4chtigen. So k\u00f6nnen Sie den Zusammenhalt Ihrer Teams st\u00e4rken, ohne Ihr Budget zu sprengen. <\/p>\n\n\t\t<\/div>\n\t\t\t\t\t<\/div>\n\n\t\n\n\t<div id=\"col-1903678316\" class=\"col medium-4 small-12 large-4\"  >\n\t\t\t\t<div class=\"col-inner\"  >\n\t\t\t\n\t\t\t\n\n\t<div id=\"text-517492057\" class=\"text\">\n\t\t\n\n<h4 class=\"uppercase\">Schnell und einfach<\/h4>\n\t\t\n<style>\n#text-517492057 {\n  font-size: 0.85rem;\n}\n<\/style>\n\t<\/div>\n\t\n\t<div class=\"img has-hover x md-x lg-x y md-y lg-y\" id=\"image_1055139009\">\n\t\t\t\t\t\t\t\t<div class=\"img-inner dark\" >\n\t\t\t<img loading=\"lazy\" decoding=\"async\" width=\"600\" height=\"350\" src=\"https:\/\/www.luxilux.lu\/wp-content\/uploads\/2023\/05\/tourisme_2.webp\" class=\"attachment-large size-large\" alt=\"\" srcset=\"https:\/\/www.luxilux.lu\/wp-content\/uploads\/2023\/05\/tourisme_2.webp 600w, https:\/\/www.luxilux.lu\/wp-content\/uploads\/2023\/05\/tourisme_2-300x175.webp 300w\" sizes=\"auto, (max-width: 600px) 100vw, 600px\" \/>\t\t\t\t\t\t\n\t\t\t\t\t<\/div>\n\t\t\t\t\t\t\t\t\n<style>\n#image_1055139009 {\n  width: 100%;\n}\n<\/style>\n\t<\/div>\n\t\n\n<p>Unser Expertenteam k\u00fcmmert sich um alles, von der Planung bis zur Durchf\u00fchrung der Aktivit\u00e4ten. Sie m\u00fcssen uns nur Ihre Bed\u00fcrfnisse und einen Termin mitteilen, und wir k\u00fcmmern uns um den Rest. <\/p>\n\n\t\t<\/div>\n\t\t\t\t\t<\/div>\n\n\t\n\n\t<div id=\"col-747687970\" class=\"col medium-4 small-12 large-4\"  >\n\t\t\t\t<div class=\"col-inner\"  >\n\t\t\t\n\t\t\t\n\n\t<div id=\"text-1053114540\" class=\"text\">\n\t\t\n\n<h4 class=\"uppercase\">Abwechslungsreiche Aktivit\u00e4ten<\/h4>\n\t\t\n<style>\n#text-1053114540 {\n  font-size: 0.85rem;\n}\n<\/style>\n\t<\/div>\n\t\n\t<div class=\"img has-hover x md-x lg-x y md-y lg-y\" id=\"image_928373037\">\n\t\t\t\t\t\t\t\t<div class=\"img-inner dark\" >\n\t\t\t<img loading=\"lazy\" decoding=\"async\" width=\"600\" height=\"350\" src=\"https:\/\/www.luxilux.lu\/wp-content\/uploads\/2023\/05\/tourisme_3.webp\" class=\"attachment-large size-large\" alt=\"\" srcset=\"https:\/\/www.luxilux.lu\/wp-content\/uploads\/2023\/05\/tourisme_3.webp 600w, https:\/\/www.luxilux.lu\/wp-content\/uploads\/2023\/05\/tourisme_3-300x175.webp 300w\" sizes=\"auto, (max-width: 600px) 100vw, 600px\" \/>\t\t\t\t\t\t\n\t\t\t\t\t<\/div>\n\t\t\t\t\t\t\t\t\n<style>\n#image_928373037 {\n  width: 100%;\n}\n<\/style>\n\t<\/div>\n\t\n\n<p>Unsere Aktivit\u00e4ten umfassen Mobilit\u00e4tsspiele, Stadtrallyes, Schatzsuchen und vieles mehr. So k\u00f6nnen Sie die Aktivit\u00e4t ausw\u00e4hlen, die am besten zu Ihrem Team und Ihren Zielen passt. <\/p>\n\n\t\t<\/div>\n\t\t\t\t\t<\/div>\n\n\t\n\n\t<div id=\"col-1501241462\" class=\"col medium-4 small-12 large-4\"  >\n\t\t\t\t<div class=\"col-inner\"  >\n\t\t\t\n\t\t\t\n\n\t<div id=\"text-4046573502\" class=\"text\">\n\t\t\n\n<h4 class=\"uppercase\">Anpassungsf\u00e4higkeit <\/h4>\n\t\t\n<style>\n#text-4046573502 {\n  font-size: 0.85rem;\n}\n<\/style>\n\t<\/div>\n\t\n\t<div class=\"img has-hover x md-x lg-x y md-y lg-y\" id=\"image_1291128587\">\n\t\t\t\t\t\t\t\t<div class=\"img-inner dark\" >\n\t\t\t<img loading=\"lazy\" decoding=\"async\" width=\"600\" height=\"350\" src=\"https:\/\/www.luxilux.lu\/wp-content\/uploads\/2023\/05\/tourisme_4.webp\" class=\"attachment-large size-large\" alt=\"\" srcset=\"https:\/\/www.luxilux.lu\/wp-content\/uploads\/2023\/05\/tourisme_4.webp 600w, https:\/\/www.luxilux.lu\/wp-content\/uploads\/2023\/05\/tourisme_4-300x175.webp 300w\" sizes=\"auto, (max-width: 600px) 100vw, 600px\" \/>\t\t\t\t\t\t\n\t\t\t\t\t<\/div>\n\t\t\t\t\t\t\t\t\n<style>\n#image_1291128587 {\n  width: 100%;\n}\n<\/style>\n\t<\/div>\n\t\n\n<p>Ob Sie nun ein Team von 5 oder 50 Personen haben, unsere Aktivit\u00e4ten sind f\u00fcr Unternehmen aller Gr\u00f6\u00dfen und Erfahrungsstufen geeignet.<\/p>\n\n\t\t<\/div>\n\t\t\t\t\t<\/div>\n\n\t\n\n\t<div id=\"col-1357661391\" class=\"col medium-4 small-12 large-4\"  >\n\t\t\t\t<div class=\"col-inner\"  >\n\t\t\t\n\t\t\t\n\n\t<div id=\"text-987622032\" class=\"text\">\n\t\t\n\n<h4 class=\"uppercase\">Mehrsprachige Erfahrung <\/h4>\n\t\t\n<style>\n#text-987622032 {\n  font-size: 0.85rem;\n}\n<\/style>\n\t<\/div>\n\t\n\t<div class=\"img has-hover x md-x lg-x y md-y lg-y\" id=\"image_833866506\">\n\t\t\t\t\t\t\t\t<div class=\"img-inner dark\" >\n\t\t\t<img loading=\"lazy\" decoding=\"async\" width=\"600\" height=\"350\" src=\"https:\/\/www.luxilux.lu\/wp-content\/uploads\/2023\/05\/tourisme_5.webp\" class=\"attachment-large size-large\" alt=\"\" srcset=\"https:\/\/www.luxilux.lu\/wp-content\/uploads\/2023\/05\/tourisme_5.webp 600w, https:\/\/www.luxilux.lu\/wp-content\/uploads\/2023\/05\/tourisme_5-300x175.webp 300w\" sizes=\"auto, (max-width: 600px) 100vw, 600px\" \/>\t\t\t\t\t\t\n\t\t\t\t\t<\/div>\n\t\t\t\t\t\t\t\t\n<style>\n#image_833866506 {\n  width: 100%;\n}\n<\/style>\n\t<\/div>\n\t\n\n<p>Unsere Aktivit\u00e4ten sind auf Franz\u00f6sisch, Deutsch und Luxemburgisch verf\u00fcgbar, so dass Sie Teammitglieder einbeziehen k\u00f6nnen, die verschiedene Sprachen sprechen.<\/p>\n\n\t\t<\/div>\n\t\t\t\t\t<\/div>\n\n\t\n\n\t<div id=\"col-266667381\" class=\"col medium-4 small-12 large-4\"  >\n\t\t\t\t<div class=\"col-inner\"  >\n\t\t\t\n\t\t\t\n\n\t<div id=\"text-4075548447\" class=\"text\">\n\t\t\n\n<h4 class=\"uppercase\">Pers\u00f6nliche Betreuung <\/h4>\n\t\t\n<style>\n#text-4075548447 {\n  font-size: 0.85rem;\n}\n<\/style>\n\t<\/div>\n\t\n\t<div class=\"img has-hover x md-x lg-x y md-y lg-y\" id=\"image_1120165762\">\n\t\t\t\t\t\t\t\t<div class=\"img-inner dark\" >\n\t\t\t<img loading=\"lazy\" decoding=\"async\" width=\"600\" height=\"350\" src=\"https:\/\/www.luxilux.lu\/wp-content\/uploads\/2023\/05\/tourisme_6.webp\" class=\"attachment-large size-large\" alt=\"\" srcset=\"https:\/\/www.luxilux.lu\/wp-content\/uploads\/2023\/05\/tourisme_6.webp 600w, https:\/\/www.luxilux.lu\/wp-content\/uploads\/2023\/05\/tourisme_6-300x175.webp 300w\" sizes=\"auto, (max-width: 600px) 100vw, 600px\" \/>\t\t\t\t\t\t\n\t\t\t\t\t<\/div>\n\t\t\t\t\t\t\t\t\n<style>\n#image_1120165762 {\n  width: 100%;\n}\n<\/style>\n\t<\/div>\n\t\n\n<p>Unser Team steht Ihnen w\u00e4hrend des gesamten Prozesses, von der Planung bis zur Nachbereitung, zur Verf\u00fcgung und bietet Ihnen pers\u00f6nliche Unterst\u00fctzung.<\/p>\n\n\t\t<\/div>\n\t\t\t\t\t<\/div>\n\n\t\n\n<\/div>\n<span class=\"scroll-to\" data-label=\"Scroll to: #contact\" data-bullet=\"false\" data-link=\"#contact\" data-title=\"contact\"><a name=\"contact\"><\/a><\/span>\n\n<div class=\"row\"  id=\"row-979303374\">\n\n\n\t<div id=\"col-1454676010\" class=\"col small-12 large-12\"  >\n\t\t\t\t<div class=\"col-inner\"  >\n\t\t\t\n\t\t\t\n\n<style id=\"wpforms-css-vars-491\">\n\t\t\t\t#wpforms-491 {\n\t\t\t\t\n\t\t\t}\n\t\t\t<\/style><div class=\"wpforms-container wpforms-container-full wpforms-render-modern\" id=\"wpforms-491\"><form id=\"wpforms-form-491\" class=\"wpforms-validate wpforms-form wpforms-ajax-form\" data-formid=\"491\" method=\"post\" enctype=\"multipart\/form-data\" action=\"\/de\/wp-json\/wp\/v2\/pages\/1515\" data-token=\"c7d51efd3e5360772e35f5951ee89c8a\" data-token-time=\"1776791272\"><noscript class=\"wpforms-error-noscript\">Bitte aktiviere JavaScript in deinem Browser, um dieses Formular fertigzustellen.<\/noscript><div id=\"wpforms-error-noscript\" style=\"display: none;\">Bitte aktiviere JavaScript in deinem Browser, um dieses Formular fertigzustellen.<\/div><div class=\"wpforms-field-container\"><div id=\"wpforms-491-field_3-container\" class=\"wpforms-field wpforms-field-layout\" data-field-id=\"3\"><div class=\"wpforms-field-layout-columns wpforms-field-layout-preset-50-50\"><div class=\"wpforms-layout-column wpforms-layout-column-50\" ><div id=\"wpforms-491-field_0-container\" class=\"wpforms-field wpforms-field-name\" data-field-id=\"0\"><label class=\"wpforms-field-label\" for=\"wpforms-491-field_0\">Name <span class=\"wpforms-required-label\" aria-hidden=\"true\">*<\/span><\/label><input type=\"text\" id=\"wpforms-491-field_0\" class=\"wpforms-field-small wpforms-field-required\" name=\"wpforms[fields][0]\" aria-errormessage=\"wpforms-491-field_0-error\" required><\/div><div id=\"wpforms-491-field_4-container\" class=\"wpforms-field wpforms-field-text\" data-field-id=\"4\"><label class=\"wpforms-field-label\" for=\"wpforms-491-field_4\">Betrieb<\/label><input type=\"text\" id=\"wpforms-491-field_4\" class=\"wpforms-field-medium\" name=\"wpforms[fields][4]\" aria-errormessage=\"wpforms-491-field_4-error\" ><\/div><\/div><div class=\"wpforms-layout-column wpforms-layout-column-50\" ><div id=\"wpforms-491-field_1-container\" class=\"wpforms-field wpforms-field-email wpforms-one-half\" data-field-id=\"1\"><label class=\"wpforms-field-label\" for=\"wpforms-491-field_1\">E-Mail <span class=\"wpforms-required-label\" aria-hidden=\"true\">*<\/span><\/label><input type=\"email\" id=\"wpforms-491-field_1\" class=\"wpforms-field-small wpforms-field-required\" name=\"wpforms[fields][1]\" spellcheck=\"false\" aria-errormessage=\"wpforms-491-field_1-error\" required><\/div><div id=\"wpforms-491-field_5-container\" class=\"wpforms-field wpforms-field-phone\" data-field-id=\"5\"><label class=\"wpforms-field-label\" for=\"wpforms-491-field_5\">Telefon<\/label><input type=\"tel\" id=\"wpforms-491-field_5\" class=\"wpforms-field-medium wpforms-smart-phone-field\" data-rule-smart-phone-field=\"true\" name=\"wpforms[fields][5]\" aria-label=\"Telefon\" aria-errormessage=\"wpforms-491-field_5-error\" ><\/div><\/div><\/div><\/div><div id=\"wpforms-491-field_2-container\" class=\"wpforms-field wpforms-field-textarea\" data-field-id=\"2\"><label class=\"wpforms-field-label\" for=\"wpforms-491-field_2\">Nachricht<\/label><textarea id=\"wpforms-491-field_2\" class=\"wpforms-field-medium\" name=\"wpforms[fields][2]\" aria-errormessage=\"wpforms-491-field_2-error\" ><\/textarea><\/div><\/div><!-- .wpforms-field-container --><div class=\"wpforms-submit-container\" ><input type=\"hidden\" name=\"wpforms[id]\" value=\"491\"><input type=\"hidden\" name=\"page_title\" value=\"\"><input type=\"hidden\" name=\"page_url\" value=\"https:\/\/www.luxilux.lu\/de\/wp-json\/wp\/v2\/pages\/1515\"><input type=\"hidden\" name=\"url_referer\" value=\"\"><button type=\"submit\" name=\"wpforms[submit]\" id=\"wpforms-submit-491\" class=\"wpforms-submit\" data-alt-text=\"Senden...\" data-submit-text=\"Abschicken\" aria-live=\"assertive\" value=\"wpforms-submit\">Abschicken<\/button><img loading=\"lazy\" decoding=\"async\" src=\"https:\/\/www.luxilux.lu\/wp-content\/plugins\/wpforms\/assets\/images\/submit-spin.svg\" class=\"wpforms-submit-spinner\" style=\"display: none;\" width=\"26\" height=\"26\" alt=\"Wird geladen\"><\/div><\/form><\/div>  <!-- .wpforms-container -->\n\n\t\t<\/div>\n\t\t\t\t\t<\/div>\n\n\t\n\n<\/div>\n\n","protected":false},"excerpt":{"rendered":"","protected":false},"author":2,"featured_media":0,"parent":0,"menu_order":0,"comment_status":"closed","ping_status":"closed","template":"page-blank.php","meta":{"_acf_changed":false,"footnotes":""},"class_list":["post-1515","page","type-page","status-publish","hentry"],"acf":[],"yoast_head":"<!-- This site is optimized with the Yoast SEO plugin v27.0 - https:\/\/yoast.com\/product\/yoast-seo-wordpress\/ -->\n<title>Luxilux : Qualitativ hochwertiges Team Building mit knappem Budget in Luxemburg<\/title>\n<meta name=\"description\" content=\"Entdecken Sie Luxilux teambuilding, einen Teambuilding-Service, der f\u00fcr Unternehmen mit knappem Budget entwickelt wurde. Bieten Sie Ihrem Team ein qualitativ hochwertiges Erlebnis, ohne sich um organisatorische oder budget\u00e4re Details k\u00fcmmern zu m\u00fcssen.\" \/>\n<meta name=\"robots\" content=\"index, follow, max-snippet:-1, max-image-preview:large, max-video-preview:-1\" \/>\n<link rel=\"canonical\" href=\"https:\/\/www.luxilux.lu\/de\/teambuilding\/\" \/>\n<meta property=\"og:locale\" content=\"de_DE\" \/>\n<meta property=\"og:type\" content=\"article\" \/>\n<meta property=\"og:title\" content=\"Luxilux : Qualitativ hochwertiges Team Building mit knappem Budget in Luxemburg\" \/>\n<meta property=\"og:description\" content=\"Entdecken Sie Luxilux teambuilding, einen Teambuilding-Service, der f\u00fcr Unternehmen mit knappem Budget entwickelt wurde. Bieten Sie Ihrem Team ein qualitativ hochwertiges Erlebnis, ohne sich um organisatorische oder budget\u00e4re Details k\u00fcmmern zu m\u00fcssen.\" \/>\n<meta property=\"og:url\" content=\"https:\/\/www.luxilux.lu\/de\/teambuilding\/\" \/>\n<meta property=\"og:site_name\" content=\"Luxilux\" \/>\n<meta property=\"article:publisher\" content=\"https:\/\/www.facebook.com\/luxilux.lu\/\" \/>\n<meta property=\"article:modified_time\" content=\"2024-03-29T14:03:05+00:00\" \/>\n<meta name=\"twitter:card\" content=\"summary_large_image\" \/>\n<meta name=\"twitter:label1\" content=\"Gesch\u00e4tzte Lesezeit\" \/>\n\t<meta name=\"twitter:data1\" content=\"3\u00a0Minuten\" \/>\n<script type=\"application\/ld+json\" class=\"yoast-schema-graph\">{\"@context\":\"https:\/\/schema.org\",\"@graph\":[{\"@type\":\"WebPage\",\"@id\":\"https:\/\/www.luxilux.lu\/de\/teambuilding\/\",\"url\":\"https:\/\/www.luxilux.lu\/de\/teambuilding\/\",\"name\":\"Luxilux : Qualitativ hochwertiges Team Building mit knappem Budget in Luxemburg\",\"isPartOf\":{\"@id\":\"https:\/\/www.luxilux.lu\/de\/#website\"},\"datePublished\":\"2023-05-12T13:50:55+00:00\",\"dateModified\":\"2024-03-29T14:03:05+00:00\",\"description\":\"Entdecken Sie Luxilux teambuilding, einen Teambuilding-Service, der f\u00fcr Unternehmen mit knappem Budget entwickelt wurde. Bieten Sie Ihrem Team ein qualitativ hochwertiges Erlebnis, ohne sich um organisatorische oder budget\u00e4re Details k\u00fcmmern zu m\u00fcssen.\",\"breadcrumb\":{\"@id\":\"https:\/\/www.luxilux.lu\/de\/teambuilding\/#breadcrumb\"},\"inLanguage\":\"de\",\"potentialAction\":[{\"@type\":\"ReadAction\",\"target\":[\"https:\/\/www.luxilux.lu\/de\/teambuilding\/\"]}]},{\"@type\":\"BreadcrumbList\",\"@id\":\"https:\/\/www.luxilux.lu\/de\/teambuilding\/#breadcrumb\",\"itemListElement\":[{\"@type\":\"ListItem\",\"position\":1,\"name\":\"Home\",\"item\":\"https:\/\/www.luxilux.lu\/de\/\"},{\"@type\":\"ListItem\",\"position\":2,\"name\":\"Teambuilding\"}]},{\"@type\":\"WebSite\",\"@id\":\"https:\/\/www.luxilux.lu\/de\/#website\",\"url\":\"https:\/\/www.luxilux.lu\/de\/\",\"name\":\"Luxilux\",\"description\":\"Discover the unexpected Luxembourg\",\"publisher\":{\"@id\":\"https:\/\/www.luxilux.lu\/de\/#organization\"},\"potentialAction\":[{\"@type\":\"SearchAction\",\"target\":{\"@type\":\"EntryPoint\",\"urlTemplate\":\"https:\/\/www.luxilux.lu\/de\/?s={search_term_string}\"},\"query-input\":{\"@type\":\"PropertyValueSpecification\",\"valueRequired\":true,\"valueName\":\"search_term_string\"}}],\"inLanguage\":\"de\"},{\"@type\":\"Organization\",\"@id\":\"https:\/\/www.luxilux.lu\/de\/#organization\",\"name\":\"Luxilux\",\"url\":\"https:\/\/www.luxilux.lu\/de\/\",\"logo\":{\"@type\":\"ImageObject\",\"inLanguage\":\"de\",\"@id\":\"https:\/\/www.luxilux.lu\/de\/#\/schema\/logo\/image\/\",\"url\":\"https:\/\/www.luxilux.lu\/wp-content\/uploads\/2023\/05\/luxilux-logo-sd.png\",\"contentUrl\":\"https:\/\/www.luxilux.lu\/wp-content\/uploads\/2023\/05\/luxilux-logo-sd.png\",\"width\":1024,\"height\":470,\"caption\":\"Luxilux\"},\"image\":{\"@id\":\"https:\/\/www.luxilux.lu\/de\/#\/schema\/logo\/image\/\"},\"sameAs\":[\"https:\/\/www.facebook.com\/luxilux.lu\/\",\"https:\/\/www.instagram.com\/luxilux.lu\/\"]}]}<\/script>\n<!-- \/ Yoast SEO plugin. -->","yoast_head_json":{"title":"Luxilux : Qualitativ hochwertiges Team Building mit knappem Budget in Luxemburg","description":"Entdecken Sie Luxilux teambuilding, einen Teambuilding-Service, der f\u00fcr Unternehmen mit knappem Budget entwickelt wurde. Bieten Sie Ihrem Team ein qualitativ hochwertiges Erlebnis, ohne sich um organisatorische oder budget\u00e4re Details k\u00fcmmern zu m\u00fcssen.","robots":{"index":"index","follow":"follow","max-snippet":"max-snippet:-1","max-image-preview":"max-image-preview:large","max-video-preview":"max-video-preview:-1"},"canonical":"https:\/\/www.luxilux.lu\/de\/teambuilding\/","og_locale":"de_DE","og_type":"article","og_title":"Luxilux : Qualitativ hochwertiges Team Building mit knappem Budget in Luxemburg","og_description":"Entdecken Sie Luxilux teambuilding, einen Teambuilding-Service, der f\u00fcr Unternehmen mit knappem Budget entwickelt wurde. Bieten Sie Ihrem Team ein qualitativ hochwertiges Erlebnis, ohne sich um organisatorische oder budget\u00e4re Details k\u00fcmmern zu m\u00fcssen.","og_url":"https:\/\/www.luxilux.lu\/de\/teambuilding\/","og_site_name":"Luxilux","article_publisher":"https:\/\/www.facebook.com\/luxilux.lu\/","article_modified_time":"2024-03-29T14:03:05+00:00","twitter_card":"summary_large_image","twitter_misc":{"Gesch\u00e4tzte Lesezeit":"3\u00a0Minuten"},"schema":{"@context":"https:\/\/schema.org","@graph":[{"@type":"WebPage","@id":"https:\/\/www.luxilux.lu\/de\/teambuilding\/","url":"https:\/\/www.luxilux.lu\/de\/teambuilding\/","name":"Luxilux : Qualitativ hochwertiges Team Building mit knappem Budget in Luxemburg","isPartOf":{"@id":"https:\/\/www.luxilux.lu\/de\/#website"},"datePublished":"2023-05-12T13:50:55+00:00","dateModified":"2024-03-29T14:03:05+00:00","description":"Entdecken Sie Luxilux teambuilding, einen Teambuilding-Service, der f\u00fcr Unternehmen mit knappem Budget entwickelt wurde. Bieten Sie Ihrem Team ein qualitativ hochwertiges Erlebnis, ohne sich um organisatorische oder budget\u00e4re Details k\u00fcmmern zu m\u00fcssen.","breadcrumb":{"@id":"https:\/\/www.luxilux.lu\/de\/teambuilding\/#breadcrumb"},"inLanguage":"de","potentialAction":[{"@type":"ReadAction","target":["https:\/\/www.luxilux.lu\/de\/teambuilding\/"]}]},{"@type":"BreadcrumbList","@id":"https:\/\/www.luxilux.lu\/de\/teambuilding\/#breadcrumb","itemListElement":[{"@type":"ListItem","position":1,"name":"Home","item":"https:\/\/www.luxilux.lu\/de\/"},{"@type":"ListItem","position":2,"name":"Teambuilding"}]},{"@type":"WebSite","@id":"https:\/\/www.luxilux.lu\/de\/#website","url":"https:\/\/www.luxilux.lu\/de\/","name":"Luxilux","description":"Discover the unexpected Luxembourg","publisher":{"@id":"https:\/\/www.luxilux.lu\/de\/#organization"},"potentialAction":[{"@type":"SearchAction","target":{"@type":"EntryPoint","urlTemplate":"https:\/\/www.luxilux.lu\/de\/?s={search_term_string}"},"query-input":{"@type":"PropertyValueSpecification","valueRequired":true,"valueName":"search_term_string"}}],"inLanguage":"de"},{"@type":"Organization","@id":"https:\/\/www.luxilux.lu\/de\/#organization","name":"Luxilux","url":"https:\/\/www.luxilux.lu\/de\/","logo":{"@type":"ImageObject","inLanguage":"de","@id":"https:\/\/www.luxilux.lu\/de\/#\/schema\/logo\/image\/","url":"https:\/\/www.luxilux.lu\/wp-content\/uploads\/2023\/05\/luxilux-logo-sd.png","contentUrl":"https:\/\/www.luxilux.lu\/wp-content\/uploads\/2023\/05\/luxilux-logo-sd.png","width":1024,"height":470,"caption":"Luxilux"},"image":{"@id":"https:\/\/www.luxilux.lu\/de\/#\/schema\/logo\/image\/"},"sameAs":["https:\/\/www.facebook.com\/luxilux.lu\/","https:\/\/www.instagram.com\/luxilux.lu\/"]}]}},"_links":{"self":[{"href":"https:\/\/www.luxilux.lu\/de\/wp-json\/wp\/v2\/pages\/1515","targetHints":{"allow":["GET"]}}],"collection":[{"href":"https:\/\/www.luxilux.lu\/de\/wp-json\/wp\/v2\/pages"}],"about":[{"href":"https:\/\/www.luxilux.lu\/de\/wp-json\/wp\/v2\/types\/page"}],"author":[{"embeddable":true,"href":"https:\/\/www.luxilux.lu\/de\/wp-json\/wp\/v2\/users\/2"}],"replies":[{"embeddable":true,"href":"https:\/\/www.luxilux.lu\/de\/wp-json\/wp\/v2\/comments?post=1515"}],"version-history":[{"count":1,"href":"https:\/\/www.luxilux.lu\/de\/wp-json\/wp\/v2\/pages\/1515\/revisions"}],"predecessor-version":[{"id":1516,"href":"https:\/\/www.luxilux.lu\/de\/wp-json\/wp\/v2\/pages\/1515\/revisions\/1516"}],"wp:attachment":[{"href":"https:\/\/www.luxilux.lu\/de\/wp-json\/wp\/v2\/media?parent=1515"}],"curies":[{"name":"wp","href":"https:\/\/api.w.org\/{rel}","templated":true}]}}