{"id":227,"date":"2023-05-12T14:28:55","date_gmt":"2023-05-12T12:28:55","guid":{"rendered":"https:\/\/www.luxilux.lu\/geschaft\/"},"modified":"2024-06-06T09:33:44","modified_gmt":"2024-06-06T07:33:44","slug":"geschaft","status":"publish","type":"page","link":"https:\/\/www.luxilux.lu\/lu\/geschaft\/","title":{"rendered":"Entreprisen"},"content":{"rendered":"\n\n\t<section class=\"section has-parallax\" id=\"section_1492320362\">\n\t\t<div class=\"section-bg fill\" data-parallax-container=\".section\" data-parallax-background data-parallax=\"-3\">\n\t\t\t<img loading=\"lazy\" decoding=\"async\" width=\"1456\" height=\"816\" src=\"https:\/\/www.luxilux.lu\/wp-content\/uploads\/2023\/05\/entreprise.webp\" class=\"bg attachment-original size-original\" alt=\"\" \/>\t\t\t\t\t\t<div class=\"section-bg-overlay absolute fill\"><\/div>\n\t\t\t\n\n\t\t<\/div>\n\n\t\t\n\n\t\t<div class=\"section-content relative\">\n\t\t\t\n\n<div class=\"row row-full-width align-center\"  id=\"row-1183580594\">\n\n\n\t<div id=\"col-917712856\" class=\"col medium-7 small-12 large-7\"  >\n\t\t\t\t<div class=\"col-inner text-center\"  >\n\t\t\t\n\t\t\t\n\n\t<div id=\"text-2838587502\" class=\"text txtheader\">\n\t\t\n\n<h1 class=\"uppercase\" style=\"margin:0;padding:0px;\">\u200b\u200bWOT<\/h1>\n\t\t\n<style>\n#text-2838587502 {\n  font-size: 4rem;\n  color: #81b6e8;\n}\n#text-2838587502 > * {\n  color: #81b6e8;\n}\n<\/style>\n\t<\/div>\n\t\n\t<div id=\"text-3171934004\" class=\"text txtheader\">\n\t\t\n\n<p style=\"margin:0px;padding:0px;\">D\u2019ORIGINALIT\u00c9IT<\/p>\n\t\t\n<style>\n#text-3171934004 {\n  font-size: 0.8rem;\n  line-height: 1.5;\n  text-align: center;\n  color: rgb(255,255,255);\n}\n#text-3171934004 > * {\n  color: rgb(255,255,255);\n}\n@media (min-width:550px) {\n  #text-3171934004 {\n    font-size: 3.55rem;\n  }\n}\n<\/style>\n\t<\/div>\n\t\n\n\t\t<\/div>\n\t\t\t\t\t<\/div>\n\n\t\n\n<\/div>\n\n\t\t<\/div>\n\n\t\t\n<style>\n#section_1492320362 {\n  padding-top: 30px;\n  padding-bottom: 30px;\n  background-color: rgb(255, 255, 255);\n}\n#section_1492320362 .section-bg-overlay {\n  background-color: rgba(0, 0, 0, 0.61);\n}\n#section_1492320362 .section-bg img {\n  object-position: 52% 53%;\n}\n<\/style>\n\t<\/section>\n\t\n\n\t<section class=\"section\" id=\"section_1267303308\">\n\t\t<div class=\"section-bg fill\" >\n\t\t\t\t\t\t\t\t\t\n\t\t\t\n\n\t\t<\/div>\n\n\t\t\n\n\t\t<div class=\"section-content relative\">\n\t\t\t\n\n<div class=\"row align-center\"  id=\"row-1287813410\">\n\n\n\t<div id=\"col-1886764310\" class=\"col medium-8 small-12 large-8\"  >\n\t\t\t\t<div class=\"col-inner text-center\"  >\n\t\t\t\n\t\t\t\n\n\t<div id=\"text-4019300720\" class=\"text\">\n\t\t\n\n<h2>Verwandelt \u00c4r Betribsvisitte a memorabel Aventuren fir \u00c4r Mataarbechter oder Partner.<\/h2>\n\t\t\n<style>\n#text-4019300720 {\n  font-size: 1.1rem;\n  text-align: left;\n  color: rgb(129, 182, 232);\n}\n#text-4019300720 > * {\n  color: rgb(129, 182, 232);\n}\n<\/style>\n\t<\/div>\n\t\n\t<div id=\"text-222375428\" class=\"text txtjustify\">\n\t\t\n\n<p>Imaginez organiser une <strong>chasse au tr\u00e9sor<\/strong> ou un <strong>escape game<\/strong> pour faire d\u00e9couvrir votre entreprise d\u2019une mani\u00e8re totalement in\u00e9dite. Qu\u2019il s\u2019agisse d\u2019ouvrir vos portes au grand public ou d\u2019int\u00e9grer vos nouveaux collaborateurs, <strong>Luxilux<\/strong> vous propose une solution cl\u00e9 en main pour transformer la visite de votre entreprise en une <strong>exp\u00e9rience ludique et immersive<\/strong>.<\/p>\n<p>Il vous suffit de nous fournir le contenu brut et notre \u00e9quipe d\u2019experts se chargera de cr\u00e9er une aventure sur mesure, adapt\u00e9e \u00e0 votre secteur d\u2019activit\u00e9 et \u00e0 votre culture d\u2019entreprise. Plongez vos participants au coeur d\u2019un sc\u00e9nario captivant, o\u00f9 ils devront r\u00e9soudre des \u00e9nigmes, relever des d\u00e9fis et collaborer pour percer les secrets de votre organisation.<\/p>\n<p>Cette approche innovante favorise l\u2019engagement, stimule la cr\u00e9ativit\u00e9 et renforce la coh\u00e9sion d\u2019\u00e9quipe. Les participants, qu\u2019ils soient collaborateurs, partenaires ou visiteurs, repartiront avec une meilleure compr\u00e9hension de votre entreprise et un sentiment d\u2019appartenance renforc\u00e9.<\/p>\n<p>Ne manquez pas cette opportunit\u00e9 de marquer les esprits et de laisser une impression durable sur vos visiteurs et collaborateurs. Faites appel \u00e0 <strong>Luxilux<\/strong> pour concevoir une aventure unique qui mettra en valeur votre entreprise et cr\u00e9era des souvenirs m\u00e9morables.<\/p>\n<p>Contactez-nous d\u00e8s aujourd\u2019hui pour en savoir plus et commencer \u00e0 planifier votre exp\u00e9rience sur mesure.<\/p>\n\t\t\n<style>\n#text-222375428 {\n  font-size: 1.1rem;\n  line-height: 1.5;\n  text-align: left;\n}\n<\/style>\n\t<\/div>\n\t\n<a href=\"#contact\" class=\"button primary is-larger expand\" style=\"border-radius:15px;padding:10px 0px 10px 0px;\">\n\t\t<span>KONTAKT\u00c9IERT EIS<\/span>\n\t<\/a>\n\n\n\n\t\t<\/div>\n\t\t\t\t\t<\/div>\n\n\t\n\n<\/div>\n\n\t\t<\/div>\n\n\t\t\n<style>\n#section_1267303308 {\n  padding-top: 30px;\n  padding-bottom: 30px;\n  background-color: rgb(236, 236, 236);\n}\n<\/style>\n\t<\/section>\n\t\n\n\t<section class=\"section\" id=\"section_1334681366\">\n\t\t<div class=\"section-bg fill\" >\n\t\t\t\t\t\t\t\t\t\n\t\t\t\n\n\t\t<\/div>\n\n\t\t\n\n\t\t<div class=\"section-content relative\">\n\t\t\t\n\n<div class=\"row align-center\"  id=\"row-1675339836\">\n\n\n\t<div id=\"col-938269225\" class=\"col small-12 large-12\"  >\n\t\t\t\t<div class=\"col-inner\"  >\n\t\t\t\n\t\t\t\n\n<span class=\"scroll-to\" data-label=\"Scroll to: #w\u00e9i\" data-bullet=\"false\" data-link=\"#w\u00e9i\" data-title=\"w\u00e9i\"><a name=\"w\u00e9i\"><\/a><\/span>\n\n\t<div id=\"text-3181259020\" class=\"text\">\n\t\t\n\n<h1>Luxilux fir Betriber an dr\u00e4i K\u00e4rpunkten<\/h1>\n\t\t\n<style>\n#text-3181259020 {\n  font-size: 1.6rem;\n  text-align: center;\n}\n<\/style>\n\t<\/div>\n\t\n<p>D\u00e9couvrez comment <strong>Luxilux<\/strong> transforme votre entreprise en une exp\u00e9rience immersive et ludique gr\u00e2ce \u00e0 la cr\u00e9ation d\u2019un <strong>escape game<\/strong> sur mesure. Suivez les \u00e9tapes cl\u00e9s de notre processus, de l\u2019analyse de vos besoins \u00e0 l\u2019animation en passant par la conception du sc\u00e9nario, pour offrir \u00e0 vos collaborateurs et partenaires une <strong>aventure<\/strong> inoubliable qui renforce la coh\u00e9sion d\u2019\u00e9quipe et met en valeur votre organisation.<\/p>\n\n\t\t<\/div>\n\t\t\t\t\t<\/div>\n\n\t\n\n\t<div id=\"col-1591507982\" class=\"col medium-4 small-12 large-4\"  >\n\t\t\t\t<div class=\"col-inner\"  >\n\t\t\t\n\t\t\t\n\n\t<div id=\"text-2268522216\" class=\"text\">\n\t\t\n\n<h4 class=\"uppercase\">\u200b1) \u200b\u200bAnalys vu de Besoinen a Personalisatioun<br>\n<\/h4>\n\t\t\n<style>\n#text-2268522216 {\n  font-size: 0.85rem;\n}\n<\/style>\n\t<\/div>\n\t\n\t<div class=\"img has-hover x md-x lg-x y md-y lg-y\" id=\"image_562133098\">\n\t\t\t\t\t\t\t\t<div class=\"img-inner dark\" >\n\t\t\t<img loading=\"lazy\" decoding=\"async\" width=\"600\" height=\"350\" src=\"https:\/\/www.luxilux.lu\/wp-content\/uploads\/2023\/05\/tourisme_1.webp\" class=\"attachment-large size-large\" alt=\"\" srcset=\"https:\/\/www.luxilux.lu\/wp-content\/uploads\/2023\/05\/tourisme_1.webp 600w, https:\/\/www.luxilux.lu\/wp-content\/uploads\/2023\/05\/tourisme_1-300x175.webp 300w\" sizes=\"auto, (max-width: 600px) 100vw, 600px\" \/>\t\t\t\t\t\t\n\t\t\t\t\t<\/div>\n\t\t\t\t\t\t\t\t\n<style>\n#image_562133098 {\n  width: 100%;\n}\n<\/style>\n\t<\/div>\n\t\n\n\t<div id=\"text-353099939\" class=\"text txtjustify\">\n\t\t\n\n<p>Nous commen\u00e7ons par \u00e9valuer vos objectifs et vos attentes pour <strong>l\u2019escape game<\/strong>. Nous prenons en compte la taille de votre entreprise, votre secteur d\u2019activit\u00e9 et votre culture d\u2019entreprise afin de concevoir une exp\u00e9rience unique et adapt\u00e9e \u00e0 vos besoins sp\u00e9cifiques.<\/p>\n\t\t\t<\/div>\n\t\n\n\t\t<\/div>\n\t\t\t\t\t<\/div>\n\n\t\n\n\t<div id=\"col-1300503831\" class=\"col medium-4 small-12 large-4\"  >\n\t\t\t\t<div class=\"col-inner\"  >\n\t\t\t\n\t\t\t\n\n\t<div id=\"text-1703772771\" class=\"text\">\n\t\t\n\n<h4 class=\"uppercase\">\u200b2) \u200bKonzeptioun a Zenarisatioun<\/h4><p><\/p>\n\t\t\n<style>\n#text-1703772771 {\n  font-size: 0.85rem;\n}\n<\/style>\n\t<\/div>\n\t\n\t<div class=\"img has-hover x md-x lg-x y md-y lg-y\" id=\"image_896120939\">\n\t\t\t\t\t\t\t\t<div class=\"img-inner dark\" >\n\t\t\t<img loading=\"lazy\" decoding=\"async\" width=\"600\" height=\"350\" src=\"https:\/\/www.luxilux.lu\/wp-content\/uploads\/2023\/05\/tourisme_2.webp\" class=\"attachment-large size-large\" alt=\"\" srcset=\"https:\/\/www.luxilux.lu\/wp-content\/uploads\/2023\/05\/tourisme_2.webp 600w, https:\/\/www.luxilux.lu\/wp-content\/uploads\/2023\/05\/tourisme_2-300x175.webp 300w\" sizes=\"auto, (max-width: 600px) 100vw, 600px\" \/>\t\t\t\t\t\t\n\t\t\t\t\t<\/div>\n\t\t\t\t\t\t\t\t\n<style>\n#image_896120939 {\n  width: 100%;\n}\n<\/style>\n\t<\/div>\n\t\n\n\t<div id=\"text-2231586184\" class=\"text txtjustify\">\n\t\t\n\n<p>Une fois le sc\u00e9nario et les \u00e9nigmes finalis\u00e9s, nous nous occupons de l\u2019installation et de la mise en place de <strong>l\u2019escape game<\/strong> dans vos locaux. Nos <strong>animateurs professionnels<\/strong> encadrent la session, veillant \u00e0 ce que les participants vivent une exp\u00e9rience m\u00e9morable tout en d\u00e9couvrant les secrets de votre entreprise et en renfor\u00e7ant leurs liens d\u2019\u00e9quipe.<\/p>\n\t\t\t<\/div>\n\t\n\n\t\t<\/div>\n\t\t\t\t\t<\/div>\n\n\t\n\n\t<div id=\"col-1239823999\" class=\"col medium-4 small-12 large-4\"  >\n\t\t\t\t<div class=\"col-inner\"  >\n\t\t\t\n\t\t\t\n\n\t<div id=\"text-3493632839\" class=\"text\">\n\t\t\n\n<h4 class=\"uppercase\">\u200b3) Installatioun<br>\n<\/h4>\n\t\t\n<style>\n#text-3493632839 {\n  font-size: 0.85rem;\n}\n<\/style>\n\t<\/div>\n\t\n\t<div class=\"img has-hover x md-x lg-x y md-y lg-y\" id=\"image_1043835106\">\n\t\t\t\t\t\t\t\t<div class=\"img-inner dark\" >\n\t\t\t<img loading=\"lazy\" decoding=\"async\" width=\"600\" height=\"350\" src=\"https:\/\/www.luxilux.lu\/wp-content\/uploads\/2023\/05\/tourisme_3.webp\" class=\"attachment-large size-large\" alt=\"\" srcset=\"https:\/\/www.luxilux.lu\/wp-content\/uploads\/2023\/05\/tourisme_3.webp 600w, https:\/\/www.luxilux.lu\/wp-content\/uploads\/2023\/05\/tourisme_3-300x175.webp 300w\" sizes=\"auto, (max-width: 600px) 100vw, 600px\" \/>\t\t\t\t\t\t\n\t\t\t\t\t<\/div>\n\t\t\t\t\t\t\t\t\n<style>\n#image_1043835106 {\n  width: 100%;\n}\n<\/style>\n\t<\/div>\n\t\n\n\t<div id=\"text-1418081759\" class=\"text txtjustify\">\n\t\t\n\n<p>D\u00e8s que le sc\u00e9nario et les \u00e9nigmes sont pr\u00eats, nous nous occupons de l&#8217;installation dans vos locaux. Nous testons le parcours sur place avec quelques-uns de nos collaborateurs. Nous pouvons \u00e9galement organiser un <strong>kick-off<\/strong>. Dans ce cas, nos <strong>animateurs professionnels<\/strong> dirigeront la s\u00e9ance et veilleront \u00e0 ce que les participants vivent des moments inoubliables dans votre entreprise. Si le jeu sera utilis\u00e9 plus souvent, nous pouvons \u00e9galement former vos collaborateurs pour qu&#8217;ils se chargent de l&#8217;encadrement.<\/p>\n\t\t\t<\/div>\n\t\n\n\t\t<\/div>\n\t\t\t\t\t<\/div>\n\n\t\n\n\t<div id=\"col-1605481639\" class=\"col small-12 large-12\"  >\n\t\t\t\t<div class=\"col-inner text-left\"  >\n\t\t\t\n\t\t\t\n\n<span class=\"scroll-to\" data-label=\"Scroll to: #contact\" data-bullet=\"false\" data-link=\"#contact\" data-title=\"contact\"><a name=\"contact\"><\/a><\/span>\n\n<div class=\"container section-title-container\" ><h1 class=\"section-title section-title-normal\"><b aria-hidden=\"true\"><\/b><span class=\"section-title-main\" style=\"font-size:91%;\">Kontakt\u00e9iert eis fir weider Informatiounen<\/span><b aria-hidden=\"true\"><\/b><\/h1><\/div>\n\n<style id=\"wpforms-css-vars-491\">\n\t\t\t\t#wpforms-491 {\n\t\t\t\t\n\t\t\t}\n\t\t\t<\/style><div class=\"wpforms-container wpforms-container-full wpforms-render-modern\" id=\"wpforms-491\"><form id=\"wpforms-form-491\" class=\"wpforms-validate wpforms-form wpforms-ajax-form\" data-formid=\"491\" method=\"post\" enctype=\"multipart\/form-data\" action=\"\/lu\/wp-json\/wp\/v2\/pages\/227\" data-token=\"4f371ac86c4c0d7d933a288f256a6d60\" data-token-time=\"1777472548\"><noscript class=\"wpforms-error-noscript\">Please enable JavaScript in your browser to complete this form.<\/noscript><div id=\"wpforms-error-noscript\" style=\"display: none;\">Please enable JavaScript in your browser to complete this form.<\/div><div class=\"wpforms-field-container\"><div id=\"wpforms-491-field_3-container\" class=\"wpforms-field wpforms-field-layout\" data-field-id=\"3\"><div class=\"wpforms-field-layout-columns wpforms-field-layout-preset-50-50\"><div class=\"wpforms-layout-column wpforms-layout-column-50\" ><div id=\"wpforms-491-field_0-container\" class=\"wpforms-field wpforms-field-name\" data-field-id=\"0\"><label class=\"wpforms-field-label\" for=\"wpforms-491-field_0\">Numm <span class=\"wpforms-required-label\" aria-hidden=\"true\">*<\/span><\/label><input type=\"text\" id=\"wpforms-491-field_0\" class=\"wpforms-field-small wpforms-field-required\" name=\"wpforms[fields][0]\" aria-errormessage=\"wpforms-491-field_0-error\" required><\/div><div id=\"wpforms-491-field_4-container\" class=\"wpforms-field wpforms-field-text\" data-field-id=\"4\"><label class=\"wpforms-field-label\" for=\"wpforms-491-field_4\">Entreprise<\/label><input type=\"text\" id=\"wpforms-491-field_4\" class=\"wpforms-field-medium\" name=\"wpforms[fields][4]\" aria-errormessage=\"wpforms-491-field_4-error\" ><\/div><\/div><div class=\"wpforms-layout-column wpforms-layout-column-50\" ><div id=\"wpforms-491-field_1-container\" class=\"wpforms-field wpforms-field-email wpforms-one-half\" data-field-id=\"1\"><label class=\"wpforms-field-label\" for=\"wpforms-491-field_1\">Mail <span class=\"wpforms-required-label\" aria-hidden=\"true\">*<\/span><\/label><input type=\"email\" id=\"wpforms-491-field_1\" class=\"wpforms-field-small wpforms-field-required\" name=\"wpforms[fields][1]\" spellcheck=\"false\" aria-errormessage=\"wpforms-491-field_1-error\" required><\/div><div id=\"wpforms-491-field_5-container\" class=\"wpforms-field wpforms-field-phone\" data-field-id=\"5\"><label class=\"wpforms-field-label\" for=\"wpforms-491-field_5\">Telefon<\/label><input type=\"tel\" id=\"wpforms-491-field_5\" class=\"wpforms-field-medium wpforms-smart-phone-field\" data-rule-smart-phone-field=\"true\" name=\"wpforms[fields][5]\" aria-label=\"Telefon\" aria-errormessage=\"wpforms-491-field_5-error\" ><\/div><\/div><\/div><\/div><div id=\"wpforms-491-field_2-container\" class=\"wpforms-field wpforms-field-textarea\" data-field-id=\"2\"><label class=\"wpforms-field-label\" for=\"wpforms-491-field_2\">Message<\/label><textarea id=\"wpforms-491-field_2\" class=\"wpforms-field-medium\" name=\"wpforms[fields][2]\" aria-errormessage=\"wpforms-491-field_2-error\" ><\/textarea><\/div><\/div><!-- .wpforms-field-container --><div class=\"wpforms-submit-container\" ><input type=\"hidden\" name=\"wpforms[id]\" value=\"491\"><input type=\"hidden\" name=\"page_title\" value=\"\"><input type=\"hidden\" name=\"page_url\" value=\"https:\/\/www.luxilux.lu\/lu\/wp-json\/wp\/v2\/pages\/227\"><input type=\"hidden\" name=\"url_referer\" value=\"\"><button type=\"submit\" name=\"wpforms[submit]\" id=\"wpforms-submit-491\" class=\"wpforms-submit\" data-alt-text=\"Sch\u00e9cken...\" data-submit-text=\"Fortsch\u00e9cken\" aria-live=\"assertive\" value=\"wpforms-submit\">Fortsch\u00e9cken<\/button><img loading=\"lazy\" decoding=\"async\" src=\"https:\/\/www.luxilux.lu\/wp-content\/plugins\/wpforms\/assets\/images\/submit-spin.svg\" class=\"wpforms-submit-spinner\" style=\"display: none;\" width=\"26\" height=\"26\" alt=\"Loading\"><\/div><\/form><\/div>  <!-- .wpforms-container -->\n\n\t\t<\/div>\n\t\t\t\t\t<\/div>\n\n\t\n\n<\/div>\n\n\t\t<\/div>\n\n\t\t\n<style>\n#section_1334681366 {\n  padding-top: 0px;\n  padding-bottom: 0px;\n}\n<\/style>\n\t<\/section>\n\t\n\n","protected":false},"excerpt":{"rendered":"","protected":false},"author":2,"featured_media":0,"parent":0,"menu_order":0,"comment_status":"closed","ping_status":"closed","template":"page-blank.php","meta":{"_acf_changed":false,"footnotes":""},"class_list":["post-227","page","type-page","status-publish","hentry"],"acf":[],"yoast_head":"<!-- This site is optimized with the Yoast SEO plugin v27.0 - https:\/\/yoast.com\/product\/yoast-seo-wordpress\/ -->\n<title>LUXILUX: \u00c4ert Corporate Escape Game zu L\u00ebtzeuerg<\/title>\n<meta name=\"description\" content=\"LUXILUX propos\u00e9iert Iech \u00c4r Betribsvisitt an eng spilleresch an immersiv Erfarung ze verwandelen.\" \/>\n<meta name=\"robots\" content=\"index, follow, max-snippet:-1, max-image-preview:large, max-video-preview:-1\" \/>\n<link rel=\"canonical\" href=\"https:\/\/www.luxilux.lu\/lu\/geschaft\/\" \/>\n<meta property=\"og:locale\" content=\"en_US\" \/>\n<meta property=\"og:type\" content=\"article\" \/>\n<meta property=\"og:title\" content=\"LUXILUX: \u00c4ert Corporate Escape Game zu L\u00ebtzeuerg\" \/>\n<meta property=\"og:description\" content=\"LUXILUX propos\u00e9iert Iech \u00c4r Betribsvisitt an eng spilleresch an immersiv Erfarung ze verwandelen.\" \/>\n<meta property=\"og:url\" content=\"https:\/\/www.luxilux.lu\/lu\/geschaft\/\" \/>\n<meta property=\"og:site_name\" content=\"Luxilux\" \/>\n<meta property=\"article:publisher\" content=\"https:\/\/www.facebook.com\/luxilux.lu\/\" \/>\n<meta property=\"article:modified_time\" content=\"2024-06-06T07:33:44+00:00\" \/>\n<meta name=\"twitter:card\" content=\"summary_large_image\" \/>\n<meta name=\"twitter:label1\" content=\"Est. reading time\" \/>\n\t<meta name=\"twitter:data1\" content=\"4 minutes\" \/>\n<script type=\"application\/ld+json\" class=\"yoast-schema-graph\">{\"@context\":\"https:\/\/schema.org\",\"@graph\":[{\"@type\":\"WebPage\",\"@id\":\"https:\/\/www.luxilux.lu\/lu\/geschaft\/\",\"url\":\"https:\/\/www.luxilux.lu\/lu\/geschaft\/\",\"name\":\"LUXILUX: \u00c4ert Corporate Escape Game zu L\u00ebtzeuerg\",\"isPartOf\":{\"@id\":\"https:\/\/www.luxilux.lu\/lu\/#website\"},\"datePublished\":\"2023-05-12T12:28:55+00:00\",\"dateModified\":\"2024-06-06T07:33:44+00:00\",\"description\":\"LUXILUX propos\u00e9iert Iech \u00c4r Betribsvisitt an eng spilleresch an immersiv Erfarung ze verwandelen.\",\"breadcrumb\":{\"@id\":\"https:\/\/www.luxilux.lu\/lu\/geschaft\/#breadcrumb\"},\"inLanguage\":\"lb-LU\",\"potentialAction\":[{\"@type\":\"ReadAction\",\"target\":[\"https:\/\/www.luxilux.lu\/lu\/geschaft\/\"]}]},{\"@type\":\"BreadcrumbList\",\"@id\":\"https:\/\/www.luxilux.lu\/lu\/geschaft\/#breadcrumb\",\"itemListElement\":[{\"@type\":\"ListItem\",\"position\":1,\"name\":\"Home\",\"item\":\"https:\/\/www.luxilux.lu\/lu\/\"},{\"@type\":\"ListItem\",\"position\":2,\"name\":\"Entreprisen\"}]},{\"@type\":\"WebSite\",\"@id\":\"https:\/\/www.luxilux.lu\/lu\/#website\",\"url\":\"https:\/\/www.luxilux.lu\/lu\/\",\"name\":\"Luxilux\",\"description\":\"Entdeckt L\u00ebtzebuerg anescht\",\"publisher\":{\"@id\":\"https:\/\/www.luxilux.lu\/lu\/#organization\"},\"potentialAction\":[{\"@type\":\"SearchAction\",\"target\":{\"@type\":\"EntryPoint\",\"urlTemplate\":\"https:\/\/www.luxilux.lu\/lu\/?s={search_term_string}\"},\"query-input\":{\"@type\":\"PropertyValueSpecification\",\"valueRequired\":true,\"valueName\":\"search_term_string\"}}],\"inLanguage\":\"lb-LU\"},{\"@type\":\"Organization\",\"@id\":\"https:\/\/www.luxilux.lu\/lu\/#organization\",\"name\":\"Luxilux\",\"url\":\"https:\/\/www.luxilux.lu\/lu\/\",\"logo\":{\"@type\":\"ImageObject\",\"inLanguage\":\"lb-LU\",\"@id\":\"https:\/\/www.luxilux.lu\/lu\/#\/schema\/logo\/image\/\",\"url\":\"https:\/\/www.luxilux.lu\/wp-content\/uploads\/2023\/05\/luxilux-logo-sd.png\",\"contentUrl\":\"https:\/\/www.luxilux.lu\/wp-content\/uploads\/2023\/05\/luxilux-logo-sd.png\",\"width\":1024,\"height\":470,\"caption\":\"Luxilux\"},\"image\":{\"@id\":\"https:\/\/www.luxilux.lu\/lu\/#\/schema\/logo\/image\/\"},\"sameAs\":[\"https:\/\/www.facebook.com\/luxilux.lu\/\",\"https:\/\/www.instagram.com\/luxilux.lu\/\"]}]}<\/script>\n<!-- \/ Yoast SEO plugin. -->","yoast_head_json":{"title":"LUXILUX: \u00c4ert Corporate Escape Game zu L\u00ebtzeuerg","description":"LUXILUX propos\u00e9iert Iech \u00c4r Betribsvisitt an eng spilleresch an immersiv Erfarung ze verwandelen.","robots":{"index":"index","follow":"follow","max-snippet":"max-snippet:-1","max-image-preview":"max-image-preview:large","max-video-preview":"max-video-preview:-1"},"canonical":"https:\/\/www.luxilux.lu\/lu\/geschaft\/","og_locale":"en_US","og_type":"article","og_title":"LUXILUX: \u00c4ert Corporate Escape Game zu L\u00ebtzeuerg","og_description":"LUXILUX propos\u00e9iert Iech \u00c4r Betribsvisitt an eng spilleresch an immersiv Erfarung ze verwandelen.","og_url":"https:\/\/www.luxilux.lu\/lu\/geschaft\/","og_site_name":"Luxilux","article_publisher":"https:\/\/www.facebook.com\/luxilux.lu\/","article_modified_time":"2024-06-06T07:33:44+00:00","twitter_card":"summary_large_image","twitter_misc":{"Est. reading time":"4 minutes"},"schema":{"@context":"https:\/\/schema.org","@graph":[{"@type":"WebPage","@id":"https:\/\/www.luxilux.lu\/lu\/geschaft\/","url":"https:\/\/www.luxilux.lu\/lu\/geschaft\/","name":"LUXILUX: \u00c4ert Corporate Escape Game zu L\u00ebtzeuerg","isPartOf":{"@id":"https:\/\/www.luxilux.lu\/lu\/#website"},"datePublished":"2023-05-12T12:28:55+00:00","dateModified":"2024-06-06T07:33:44+00:00","description":"LUXILUX propos\u00e9iert Iech \u00c4r Betribsvisitt an eng spilleresch an immersiv Erfarung ze verwandelen.","breadcrumb":{"@id":"https:\/\/www.luxilux.lu\/lu\/geschaft\/#breadcrumb"},"inLanguage":"lb-LU","potentialAction":[{"@type":"ReadAction","target":["https:\/\/www.luxilux.lu\/lu\/geschaft\/"]}]},{"@type":"BreadcrumbList","@id":"https:\/\/www.luxilux.lu\/lu\/geschaft\/#breadcrumb","itemListElement":[{"@type":"ListItem","position":1,"name":"Home","item":"https:\/\/www.luxilux.lu\/lu\/"},{"@type":"ListItem","position":2,"name":"Entreprisen"}]},{"@type":"WebSite","@id":"https:\/\/www.luxilux.lu\/lu\/#website","url":"https:\/\/www.luxilux.lu\/lu\/","name":"Luxilux","description":"Entdeckt L\u00ebtzebuerg anescht","publisher":{"@id":"https:\/\/www.luxilux.lu\/lu\/#organization"},"potentialAction":[{"@type":"SearchAction","target":{"@type":"EntryPoint","urlTemplate":"https:\/\/www.luxilux.lu\/lu\/?s={search_term_string}"},"query-input":{"@type":"PropertyValueSpecification","valueRequired":true,"valueName":"search_term_string"}}],"inLanguage":"lb-LU"},{"@type":"Organization","@id":"https:\/\/www.luxilux.lu\/lu\/#organization","name":"Luxilux","url":"https:\/\/www.luxilux.lu\/lu\/","logo":{"@type":"ImageObject","inLanguage":"lb-LU","@id":"https:\/\/www.luxilux.lu\/lu\/#\/schema\/logo\/image\/","url":"https:\/\/www.luxilux.lu\/wp-content\/uploads\/2023\/05\/luxilux-logo-sd.png","contentUrl":"https:\/\/www.luxilux.lu\/wp-content\/uploads\/2023\/05\/luxilux-logo-sd.png","width":1024,"height":470,"caption":"Luxilux"},"image":{"@id":"https:\/\/www.luxilux.lu\/lu\/#\/schema\/logo\/image\/"},"sameAs":["https:\/\/www.facebook.com\/luxilux.lu\/","https:\/\/www.instagram.com\/luxilux.lu\/"]}]}},"_links":{"self":[{"href":"https:\/\/www.luxilux.lu\/lu\/wp-json\/wp\/v2\/pages\/227","targetHints":{"allow":["GET"]}}],"collection":[{"href":"https:\/\/www.luxilux.lu\/lu\/wp-json\/wp\/v2\/pages"}],"about":[{"href":"https:\/\/www.luxilux.lu\/lu\/wp-json\/wp\/v2\/types\/page"}],"author":[{"embeddable":true,"href":"https:\/\/www.luxilux.lu\/lu\/wp-json\/wp\/v2\/users\/2"}],"replies":[{"embeddable":true,"href":"https:\/\/www.luxilux.lu\/lu\/wp-json\/wp\/v2\/comments?post=227"}],"version-history":[{"count":2,"href":"https:\/\/www.luxilux.lu\/lu\/wp-json\/wp\/v2\/pages\/227\/revisions"}],"predecessor-version":[{"id":2328,"href":"https:\/\/www.luxilux.lu\/lu\/wp-json\/wp\/v2\/pages\/227\/revisions\/2328"}],"wp:attachment":[{"href":"https:\/\/www.luxilux.lu\/lu\/wp-json\/wp\/v2\/media?parent=227"}],"curies":[{"name":"wp","href":"https:\/\/api.w.org\/{rel}","templated":true}]}}