{"id":337,"date":"2023-05-14T15:48:49","date_gmt":"2023-05-14T13:48:49","guid":{"rendered":"https:\/\/www.luxilux.lu\/jonggesellenenabschid\/"},"modified":"2023-05-16T14:47:10","modified_gmt":"2023-05-16T12:47:10","slug":"jonggesellenenabschid","status":"publish","type":"page","link":"https:\/\/www.luxilux.lu\/lu\/jonggesellenenabschid\/","title":{"rendered":"Jonggesellenenabschid"},"content":{"rendered":"\n\n\t<section class=\"section has-parallax\" id=\"section_1758116172\">\n\t\t<div class=\"section-bg fill\" data-parallax-container=\".section\" data-parallax-background data-parallax=\"-3\">\n\t\t\t<img loading=\"lazy\" decoding=\"async\" width=\"1268\" height=\"443\" src=\"https:\/\/www.luxilux.lu\/wp-content\/uploads\/2023\/05\/evjf.webp\" class=\"bg attachment-original size-original\" alt=\"\" \/>\t\t\t\t\t\t<div class=\"section-bg-overlay absolute fill\"><\/div>\n\t\t\t\n\n\t\t<\/div>\n\n\t\t\n\n\t\t<div class=\"section-content relative\">\n\t\t\t\n\n<div class=\"row row-full-width align-center\"  id=\"row-1780988692\">\n\n\n\t<div id=\"col-683079884\" class=\"col medium-7 small-12 large-7\"  >\n\t\t\t\t<div class=\"col-inner text-center\"  >\n\t\t\t\n\t\t\t\n\n\t<div id=\"text-2813794218\" class=\"text\">\n\t\t\n\n<h1 style=\"margin:0 0 0 0\">\u200bENTDECKUNG AN ERAUSFUERDERUNG<br>\n<\/h1>\n\t\t\n<style>\n#text-2813794218 {\n  font-size: 2.4rem;\n  color: #81b6e8;\n}\n#text-2813794218 > * {\n  color: #81b6e8;\n}\n@media (min-width:550px) {\n  #text-2813794218 {\n    font-size: 2.35rem;\n  }\n}\n<\/style>\n\t<\/div>\n\t\n\t<div id=\"text-146125133\" class=\"text txt-justified\">\n\t\t\n\n<p style=\"font-size: 2em;padding:0 0 0 0;margin:0 0 0 0\">\u200bd\u00e9i perfekt Aktivit\u00e9it fir e gelongene Jonggesellenenabschid\n<\/p>\n\t\t\n<style>\n#text-146125133 {\n  font-size: 0.8rem;\n  text-align: center;\n  color: rgb(255,255,255);\n}\n#text-146125133 > * {\n  color: rgb(255,255,255);\n}\n@media (min-width:550px) {\n  #text-146125133 {\n    font-size: 1.15rem;\n  }\n}\n<\/style>\n\t<\/div>\n\t\n\n\t\t<\/div>\n\t\t\t\t\t<\/div>\n\n\t\n\n<\/div>\n\n\t\t<\/div>\n\n\t\t\n<style>\n#section_1758116172 {\n  padding-top: 30px;\n  padding-bottom: 30px;\n  background-color: rgb(255, 255, 255);\n}\n#section_1758116172 .section-bg-overlay {\n  background-color: rgba(0, 0, 0, 0.459);\n}\n#section_1758116172 .section-bg img {\n  object-position: 48% 0%;\n}\n<\/style>\n\t<\/section>\n\t\n\n\t<section class=\"section\" id=\"section_645273219\">\n\t\t<div class=\"section-bg fill\" >\n\t\t\t\t\t\t\t\t\t\n\t\t\t\n\n\t\t<\/div>\n\n\t\t\n\n\t\t<div class=\"section-content relative\">\n\t\t\t\n\n<div class=\"row align-center\"  id=\"row-1944587966\">\n\n\n\t<div id=\"col-1783875204\" class=\"col medium-6 small-12 large-6\"  >\n\t\t\t\t<div class=\"col-inner\"  >\n\t\t\t\n\t\t\t\n\n<p>Entdeckung an Erausfuerderung<\/p>\n<p>d\u00e9i perfekt Aktivit\u00e9it fir e gelongene Jonggesellenenabschid<\/p>\n<p>Dir plangt en onvergiessleche Jonggesellenenabschid a sidd op der Sich no enger aussergew\u00e9inlecher Aktivit\u00e9it, d\u00e9i \u00c4r Fr\u00ebnn zesumme br\u00e9ngt an Iech eng Stad vun engem neie Standpunkt weist? Haalt op mat sichen, Luxilux huet d\u00e9i ideal L\u00e9isung fir d\u00ebsen\u00a0Dag onvergiesslech a voller Iwwerraschungen\u00a0ze gestalten!<\/p>\n<p>Loosst Iech vun eise Schatzjuegte verf\u00e9ieren! Ekip\u00e9iert\u00a0mat \u00c4ren Handyen daucht Dir an e spannend Abenteuer an, w\u00e4rend\u00a0Dir Geheimnisser vum historeschen\u00a0a kulturelle Patrimoine vun enger Stad a Form vu Quizzen an ofwiesslungsr\u00e4ichen\u00a0Defien opdeckt.<\/p>\n<p>Gewannt e Maximum u Punkte fir Kaddoen an exklusiv Reduktioune vun eise Partnerbetriber fr\u00e4izeschalten. Verwandelt d\u00ebse speziellen\u00a0Dag an en onvergiesslecht Erliefnis fir \u00c4r Fr\u00ebnn, andeems\u00a0Dir Gesellegkeet, Entdeckung a fr\u00ebndschaftlech Kompetitioun matenee\u00a0verbannt.<\/p>\n<a href=\"#form\" class=\"button primary expand\" style=\"border-radius:99px;\">\n\t\t<span>KONTAKT\u00c9IERT EIS<\/span>\n\t<\/a>\n\n\n\n\t\t<\/div>\n\t\t\t\t\n<style>\n#col-1783875204 > .col-inner {\n  padding: 20px 0px 0px 0px;\n}\n<\/style>\n\t<\/div>\n\n\t\n\n\t<div id=\"col-324670782\" class=\"col medium-6 small-12 large-6\"  >\n\t\t\t\t<div class=\"col-inner\"  >\n\t\t\t\n\t\t\t\n\n<div class=\"slider-wrapper relative\" id=\"slider-1543941540\" >\n    <div class=\"slider slider-nav-circle slider-nav-large slider-nav-light slider-style-normal\"\n        data-flickity-options='{\n            \"cellAlign\": \"center\",\n            \"imagesLoaded\": true,\n            \"lazyLoad\": 1,\n            \"freeScroll\": false,\n            \"wrapAround\": true,\n            \"autoPlay\": 6000,\n            \"pauseAutoPlayOnHover\" : true,\n            \"prevNextButtons\": true,\n            \"contain\" : true,\n            \"adaptiveHeight\" : true,\n            \"dragThreshold\" : 10,\n            \"percentPosition\": true,\n            \"pageDots\": true,\n            \"rightToLeft\": false,\n            \"draggable\": true,\n            \"selectedAttraction\": 0.1,\n            \"parallax\" : 0,\n            \"friction\": 0.6        }'\n        >\n        \n\n\t<div class=\"img has-hover x md-x lg-x y md-y lg-y\" id=\"image_1354261785\">\n\t\t\t\t\t\t\t\t<div class=\"img-inner dark\" >\n\t\t\t<img loading=\"lazy\" decoding=\"async\" width=\"800\" height=\"997\" src=\"https:\/\/www.luxilux.lu\/wp-content\/uploads\/2023\/05\/evjf_2.webp\" class=\"attachment-large size-large\" alt=\"\" srcset=\"https:\/\/www.luxilux.lu\/wp-content\/uploads\/2023\/05\/evjf_2.webp 800w, https:\/\/www.luxilux.lu\/wp-content\/uploads\/2023\/05\/evjf_2-241x300.webp 241w, https:\/\/www.luxilux.lu\/wp-content\/uploads\/2023\/05\/evjf_2-768x957.webp 768w, https:\/\/www.luxilux.lu\/wp-content\/uploads\/2023\/05\/evjf_2-600x748.webp 600w\" sizes=\"auto, (max-width: 800px) 100vw, 800px\" \/>\t\t\t\t\t\t\n\t\t\t\t\t<\/div>\n\t\t\t\t\t\t\t\t\n<style>\n#image_1354261785 {\n  width: 100%;\n}\n<\/style>\n\t<\/div>\n\t\n\n\t<div class=\"img has-hover x md-x lg-x y md-y lg-y\" id=\"image_419590015\">\n\t\t\t\t\t\t\t\t<div class=\"img-inner dark\" >\n\t\t\t<img loading=\"lazy\" decoding=\"async\" width=\"768\" height=\"957\" src=\"https:\/\/www.luxilux.lu\/wp-content\/uploads\/2023\/05\/evjf_3-768x957.webp\" class=\"attachment-medium_large size-medium_large\" alt=\"\" srcset=\"https:\/\/www.luxilux.lu\/wp-content\/uploads\/2023\/05\/evjf_3-768x957.webp 768w, https:\/\/www.luxilux.lu\/wp-content\/uploads\/2023\/05\/evjf_3-241x300.webp 241w, https:\/\/www.luxilux.lu\/wp-content\/uploads\/2023\/05\/evjf_3-600x748.webp 600w, https:\/\/www.luxilux.lu\/wp-content\/uploads\/2023\/05\/evjf_3.webp 800w\" sizes=\"auto, (max-width: 768px) 100vw, 768px\" \/>\t\t\t\t\t\t\n\t\t\t\t\t<\/div>\n\t\t\t\t\t\t\t\t\n<style>\n#image_419590015 {\n  width: 100%;\n}\n<\/style>\n\t<\/div>\n\t\n\n\t<div class=\"img has-hover x md-x lg-x y md-y lg-y\" id=\"image_1996945169\">\n\t\t\t\t\t\t\t\t<div class=\"img-inner dark\" >\n\t\t\t<img loading=\"lazy\" decoding=\"async\" width=\"800\" height=\"997\" src=\"https:\/\/www.luxilux.lu\/wp-content\/uploads\/2023\/05\/evjf_1.webp\" class=\"attachment-large size-large\" alt=\"\" srcset=\"https:\/\/www.luxilux.lu\/wp-content\/uploads\/2023\/05\/evjf_1.webp 800w, https:\/\/www.luxilux.lu\/wp-content\/uploads\/2023\/05\/evjf_1-241x300.webp 241w, https:\/\/www.luxilux.lu\/wp-content\/uploads\/2023\/05\/evjf_1-768x957.webp 768w, https:\/\/www.luxilux.lu\/wp-content\/uploads\/2023\/05\/evjf_1-600x748.webp 600w\" sizes=\"auto, (max-width: 800px) 100vw, 800px\" \/>\t\t\t\t\t\t\n\t\t\t\t\t<\/div>\n\t\t\t\t\t\t\t\t\n<style>\n#image_1996945169 {\n  width: 100%;\n}\n<\/style>\n\t<\/div>\n\t\n\n\n     <\/div>\n\n     <div class=\"loading-spin dark large centered\"><\/div>\n\n\t<\/div>\n\n\n\n\t\t<\/div>\n\t\t\t\t\n<style>\n#col-324670782 > .col-inner {\n  padding: 20px 0px 0px 0px;\n}\n<\/style>\n\t<\/div>\n\n\t\n\n<\/div>\n<div class=\"row\"  id=\"row-893383911\">\n\n\n\t<div id=\"col-1763728911\" class=\"col small-12 large-12\"  >\n\t\t\t\t<div class=\"col-inner\"  >\n\t\t\t\n\t\t\t\n\n<span class=\"scroll-to\" data-label=\"Scroll to: #form\" data-bullet=\"false\" data-link=\"#form\" data-title=\"form\"><a name=\"form\"><\/a><\/span>\n\n<style id=\"wpforms-css-vars-467\">\n\t\t\t\t#wpforms-467 {\n\t\t\t\t\n\t\t\t}\n\t\t\t<\/style><div class=\"wpforms-container wpforms-container-full wpforms-render-modern\" id=\"wpforms-467\"><form id=\"wpforms-form-467\" class=\"wpforms-validate wpforms-form wpforms-ajax-form\" data-formid=\"467\" method=\"post\" enctype=\"multipart\/form-data\" action=\"\/lu\/wp-json\/wp\/v2\/pages\/337\" data-token=\"b765439c71932f4f0f33acf141626c90\" data-token-time=\"1776779683\"><noscript class=\"wpforms-error-noscript\">Please enable JavaScript in your browser to complete this form.<\/noscript><div id=\"wpforms-error-noscript\" style=\"display: none;\">Please enable JavaScript in your browser to complete this form.<\/div><div class=\"wpforms-field-container\"><div id=\"wpforms-467-field_0-container\" class=\"wpforms-field wpforms-field-name\" data-field-id=\"0\"><label class=\"wpforms-field-label\" for=\"wpforms-467-field_0\">Numm <span class=\"wpforms-required-label\" aria-hidden=\"true\">*<\/span><\/label><input type=\"text\" id=\"wpforms-467-field_0\" class=\"wpforms-field-medium wpforms-field-required\" name=\"wpforms[fields][0]\" aria-errormessage=\"wpforms-467-field_0-error\" required><\/div><div id=\"wpforms-467-field_1-container\" class=\"wpforms-field wpforms-field-email\" data-field-id=\"1\"><label class=\"wpforms-field-label\" for=\"wpforms-467-field_1\">Mail <span class=\"wpforms-required-label\" aria-hidden=\"true\">*<\/span><\/label><input type=\"email\" id=\"wpforms-467-field_1\" class=\"wpforms-field-medium wpforms-field-required\" name=\"wpforms[fields][1]\" spellcheck=\"false\" aria-errormessage=\"wpforms-467-field_1-error\" required><\/div><div id=\"wpforms-467-field_2-container\" class=\"wpforms-field wpforms-field-textarea\" data-field-id=\"2\"><label class=\"wpforms-field-label\" for=\"wpforms-467-field_2\">Message <span class=\"wpforms-required-label\" aria-hidden=\"true\">*<\/span><\/label><textarea id=\"wpforms-467-field_2\" class=\"wpforms-field-medium wpforms-field-required\" name=\"wpforms[fields][2]\" aria-errormessage=\"wpforms-467-field_2-error\" required><\/textarea><\/div><\/div><!-- .wpforms-field-container --><div class=\"wpforms-submit-container\" ><input type=\"hidden\" name=\"wpforms[id]\" value=\"467\"><input type=\"hidden\" name=\"page_title\" value=\"\"><input type=\"hidden\" name=\"page_url\" value=\"https:\/\/www.luxilux.lu\/lu\/wp-json\/wp\/v2\/pages\/337\"><input type=\"hidden\" name=\"url_referer\" value=\"\"><button type=\"submit\" name=\"wpforms[submit]\" id=\"wpforms-submit-467\" class=\"wpforms-submit\" data-alt-text=\"Sch\u00e9cken...\" data-submit-text=\"Fortsch\u00e9cken\" aria-live=\"assertive\" value=\"wpforms-submit\">Fortsch\u00e9cken<\/button><img loading=\"lazy\" decoding=\"async\" src=\"https:\/\/www.luxilux.lu\/wp-content\/plugins\/wpforms\/assets\/images\/submit-spin.svg\" class=\"wpforms-submit-spinner\" style=\"display: none;\" width=\"26\" height=\"26\" alt=\"Loading\"><\/div><\/form><\/div>  <!-- .wpforms-container -->\n\n\t\t<\/div>\n\t\t\t\t\t<\/div>\n\n\t\n\n<\/div>\n\n\t\t<\/div>\n\n\t\t\n<style>\n#section_645273219 {\n  padding-top: 0px;\n  padding-bottom: 0px;\n}\n<\/style>\n\t<\/section>\n\t\n\n","protected":false},"excerpt":{"rendered":"","protected":false},"author":2,"featured_media":0,"parent":0,"menu_order":0,"comment_status":"closed","ping_status":"closed","template":"page-blank.php","meta":{"_acf_changed":false,"footnotes":""},"class_list":["post-337","page","type-page","status-publish","hentry"],"acf":[],"yoast_head":"<!-- This site is optimized with the Yoast SEO plugin v27.0 - https:\/\/yoast.com\/product\/yoast-seo-wordpress\/ -->\n<title>Jonggesellenenabschid - Luxilux - Entdeckt L\u00ebtzebuerg anescht<\/title>\n<meta name=\"robots\" content=\"index, follow, max-snippet:-1, max-image-preview:large, max-video-preview:-1\" \/>\n<link rel=\"canonical\" href=\"https:\/\/www.luxilux.lu\/lu\/jonggesellenenabschid\/\" \/>\n<meta property=\"og:locale\" content=\"en_US\" \/>\n<meta property=\"og:type\" content=\"article\" \/>\n<meta property=\"og:title\" content=\"Jonggesellenenabschid - Luxilux - Entdeckt L\u00ebtzebuerg anescht\" \/>\n<meta property=\"og:url\" content=\"https:\/\/www.luxilux.lu\/lu\/jonggesellenenabschid\/\" \/>\n<meta property=\"og:site_name\" content=\"Luxilux\" \/>\n<meta property=\"article:publisher\" content=\"https:\/\/www.facebook.com\/luxilux.lu\/\" \/>\n<meta property=\"article:modified_time\" content=\"2023-05-16T12:47:10+00:00\" \/>\n<meta name=\"twitter:card\" content=\"summary_large_image\" \/>\n<meta name=\"twitter:label1\" content=\"Est. reading time\" \/>\n\t<meta name=\"twitter:data1\" content=\"1 minute\" \/>\n<script type=\"application\/ld+json\" class=\"yoast-schema-graph\">{\"@context\":\"https:\/\/schema.org\",\"@graph\":[{\"@type\":\"WebPage\",\"@id\":\"https:\/\/www.luxilux.lu\/lu\/jonggesellenenabschid\/\",\"url\":\"https:\/\/www.luxilux.lu\/lu\/jonggesellenenabschid\/\",\"name\":\"Jonggesellenenabschid - Luxilux - Entdeckt L\u00ebtzebuerg anescht\",\"isPartOf\":{\"@id\":\"https:\/\/www.luxilux.lu\/lu\/#website\"},\"datePublished\":\"2023-05-14T13:48:49+00:00\",\"dateModified\":\"2023-05-16T12:47:10+00:00\",\"breadcrumb\":{\"@id\":\"https:\/\/www.luxilux.lu\/lu\/jonggesellenenabschid\/#breadcrumb\"},\"inLanguage\":\"lb-LU\",\"potentialAction\":[{\"@type\":\"ReadAction\",\"target\":[\"https:\/\/www.luxilux.lu\/lu\/jonggesellenenabschid\/\"]}]},{\"@type\":\"BreadcrumbList\",\"@id\":\"https:\/\/www.luxilux.lu\/lu\/jonggesellenenabschid\/#breadcrumb\",\"itemListElement\":[{\"@type\":\"ListItem\",\"position\":1,\"name\":\"Home\",\"item\":\"https:\/\/www.luxilux.lu\/lu\/\"},{\"@type\":\"ListItem\",\"position\":2,\"name\":\"Jonggesellenenabschid\"}]},{\"@type\":\"WebSite\",\"@id\":\"https:\/\/www.luxilux.lu\/lu\/#website\",\"url\":\"https:\/\/www.luxilux.lu\/lu\/\",\"name\":\"Luxilux\",\"description\":\"Entdeckt L\u00ebtzebuerg anescht\",\"publisher\":{\"@id\":\"https:\/\/www.luxilux.lu\/lu\/#organization\"},\"potentialAction\":[{\"@type\":\"SearchAction\",\"target\":{\"@type\":\"EntryPoint\",\"urlTemplate\":\"https:\/\/www.luxilux.lu\/lu\/?s={search_term_string}\"},\"query-input\":{\"@type\":\"PropertyValueSpecification\",\"valueRequired\":true,\"valueName\":\"search_term_string\"}}],\"inLanguage\":\"lb-LU\"},{\"@type\":\"Organization\",\"@id\":\"https:\/\/www.luxilux.lu\/lu\/#organization\",\"name\":\"Luxilux\",\"url\":\"https:\/\/www.luxilux.lu\/lu\/\",\"logo\":{\"@type\":\"ImageObject\",\"inLanguage\":\"lb-LU\",\"@id\":\"https:\/\/www.luxilux.lu\/lu\/#\/schema\/logo\/image\/\",\"url\":\"https:\/\/www.luxilux.lu\/wp-content\/uploads\/2023\/05\/luxilux-logo-sd.png\",\"contentUrl\":\"https:\/\/www.luxilux.lu\/wp-content\/uploads\/2023\/05\/luxilux-logo-sd.png\",\"width\":1024,\"height\":470,\"caption\":\"Luxilux\"},\"image\":{\"@id\":\"https:\/\/www.luxilux.lu\/lu\/#\/schema\/logo\/image\/\"},\"sameAs\":[\"https:\/\/www.facebook.com\/luxilux.lu\/\",\"https:\/\/www.instagram.com\/luxilux.lu\/\"]}]}<\/script>\n<!-- \/ Yoast SEO plugin. -->","yoast_head_json":{"title":"Jonggesellenenabschid - Luxilux - Entdeckt L\u00ebtzebuerg anescht","robots":{"index":"index","follow":"follow","max-snippet":"max-snippet:-1","max-image-preview":"max-image-preview:large","max-video-preview":"max-video-preview:-1"},"canonical":"https:\/\/www.luxilux.lu\/lu\/jonggesellenenabschid\/","og_locale":"en_US","og_type":"article","og_title":"Jonggesellenenabschid - Luxilux - Entdeckt L\u00ebtzebuerg anescht","og_url":"https:\/\/www.luxilux.lu\/lu\/jonggesellenenabschid\/","og_site_name":"Luxilux","article_publisher":"https:\/\/www.facebook.com\/luxilux.lu\/","article_modified_time":"2023-05-16T12:47:10+00:00","twitter_card":"summary_large_image","twitter_misc":{"Est. reading time":"1 minute"},"schema":{"@context":"https:\/\/schema.org","@graph":[{"@type":"WebPage","@id":"https:\/\/www.luxilux.lu\/lu\/jonggesellenenabschid\/","url":"https:\/\/www.luxilux.lu\/lu\/jonggesellenenabschid\/","name":"Jonggesellenenabschid - Luxilux - Entdeckt L\u00ebtzebuerg anescht","isPartOf":{"@id":"https:\/\/www.luxilux.lu\/lu\/#website"},"datePublished":"2023-05-14T13:48:49+00:00","dateModified":"2023-05-16T12:47:10+00:00","breadcrumb":{"@id":"https:\/\/www.luxilux.lu\/lu\/jonggesellenenabschid\/#breadcrumb"},"inLanguage":"lb-LU","potentialAction":[{"@type":"ReadAction","target":["https:\/\/www.luxilux.lu\/lu\/jonggesellenenabschid\/"]}]},{"@type":"BreadcrumbList","@id":"https:\/\/www.luxilux.lu\/lu\/jonggesellenenabschid\/#breadcrumb","itemListElement":[{"@type":"ListItem","position":1,"name":"Home","item":"https:\/\/www.luxilux.lu\/lu\/"},{"@type":"ListItem","position":2,"name":"Jonggesellenenabschid"}]},{"@type":"WebSite","@id":"https:\/\/www.luxilux.lu\/lu\/#website","url":"https:\/\/www.luxilux.lu\/lu\/","name":"Luxilux","description":"Entdeckt L\u00ebtzebuerg anescht","publisher":{"@id":"https:\/\/www.luxilux.lu\/lu\/#organization"},"potentialAction":[{"@type":"SearchAction","target":{"@type":"EntryPoint","urlTemplate":"https:\/\/www.luxilux.lu\/lu\/?s={search_term_string}"},"query-input":{"@type":"PropertyValueSpecification","valueRequired":true,"valueName":"search_term_string"}}],"inLanguage":"lb-LU"},{"@type":"Organization","@id":"https:\/\/www.luxilux.lu\/lu\/#organization","name":"Luxilux","url":"https:\/\/www.luxilux.lu\/lu\/","logo":{"@type":"ImageObject","inLanguage":"lb-LU","@id":"https:\/\/www.luxilux.lu\/lu\/#\/schema\/logo\/image\/","url":"https:\/\/www.luxilux.lu\/wp-content\/uploads\/2023\/05\/luxilux-logo-sd.png","contentUrl":"https:\/\/www.luxilux.lu\/wp-content\/uploads\/2023\/05\/luxilux-logo-sd.png","width":1024,"height":470,"caption":"Luxilux"},"image":{"@id":"https:\/\/www.luxilux.lu\/lu\/#\/schema\/logo\/image\/"},"sameAs":["https:\/\/www.facebook.com\/luxilux.lu\/","https:\/\/www.instagram.com\/luxilux.lu\/"]}]}},"_links":{"self":[{"href":"https:\/\/www.luxilux.lu\/lu\/wp-json\/wp\/v2\/pages\/337","targetHints":{"allow":["GET"]}}],"collection":[{"href":"https:\/\/www.luxilux.lu\/lu\/wp-json\/wp\/v2\/pages"}],"about":[{"href":"https:\/\/www.luxilux.lu\/lu\/wp-json\/wp\/v2\/types\/page"}],"author":[{"embeddable":true,"href":"https:\/\/www.luxilux.lu\/lu\/wp-json\/wp\/v2\/users\/2"}],"replies":[{"embeddable":true,"href":"https:\/\/www.luxilux.lu\/lu\/wp-json\/wp\/v2\/comments?post=337"}],"version-history":[{"count":0,"href":"https:\/\/www.luxilux.lu\/lu\/wp-json\/wp\/v2\/pages\/337\/revisions"}],"wp:attachment":[{"href":"https:\/\/www.luxilux.lu\/lu\/wp-json\/wp\/v2\/media?parent=337"}],"curies":[{"name":"wp","href":"https:\/\/api.w.org\/{rel}","templated":true}]}}